{"id":451,"date":"2019-01-22T14:33:23","date_gmt":"2019-01-22T14:33:23","guid":{"rendered":"https:\/\/rrenjettona.al\/?page_id=451"},"modified":"2019-01-22T14:33:48","modified_gmt":"2019-01-22T14:33:48","slug":"bashkohesia","status":"publish","type":"page","link":"https:\/\/rrenjettona.al\/index.php\/etnokulture\/bashkohesia\/","title":{"rendered":"Bashkoh\u00ebsia"},"content":{"rendered":"<div class=\"wpb-content-wrapper\"><p>[vc_row][vc_column]<style type=\"text\/css\" data-type=\"the7_shortcodes-inline-css\">.blog-shortcode.blog-list-shortcode-id-e55ce8e1acd23600e4da6eb5bc5892c7.dividers-on.classic-layout-list article {\n  margin-top: 50px;\n  padding-top: 0;\n}\n.blog-shortcode.blog-list-shortcode-id-e55ce8e1acd23600e4da6eb5bc5892c7.dividers-on.classic-layout-list article:first-of-type {\n  margin-top: 0;\n  padding-top: 0;\n}\n.blog-shortcode.blog-list-shortcode-id-e55ce8e1acd23600e4da6eb5bc5892c7.classic-layout-list.mode-list .post-thumbnail-wrap {\n  width: 50%;\n}\n.blog-shortcode.blog-list-shortcode-id-e55ce8e1acd23600e4da6eb5bc5892c7.classic-layout-list.mode-list .post-entry-content {\n  width: calc(100% - 50%);\n}\n.blog-shortcode.blog-list-shortcode-id-e55ce8e1acd23600e4da6eb5bc5892c7.classic-layout-list.mode-list .no-img .post-entry-content {\n  width: 100%;\n}\n.blog-shortcode.blog-list-shortcode-id-e55ce8e1acd23600e4da6eb5bc5892c7 .filter-bg-decoration .filter-categories a.act {\n  color: #fff;\n}\n.blog-shortcode.blog-list-shortcode-id-e55ce8e1acd23600e4da6eb5bc5892c7:not(.mode-masonry) article {\n  margin-top: 50px;\n}\n.blog-shortcode.blog-list-shortcode-id-e55ce8e1acd23600e4da6eb5bc5892c7:not(.mode-masonry) article:first-of-type,\n.blog-shortcode.blog-list-shortcode-id-e55ce8e1acd23600e4da6eb5bc5892c7:not(.mode-masonry) article.visible.first:not(.product) {\n  margin-top: 0;\n}\n.blog-shortcode.blog-list-shortcode-id-e55ce8e1acd23600e4da6eb5bc5892c7.dividers-on:not(.mode-masonry) article {\n  margin-top: 0;\n  padding-top: 50px;\n}\n.blog-shortcode.blog-list-shortcode-id-e55ce8e1acd23600e4da6eb5bc5892c7.dividers-on:not(.mode-masonry) article:first-of-type,\n.blog-shortcode.blog-list-shortcode-id-e55ce8e1acd23600e4da6eb5bc5892c7.dividers-on:not(.mode-masonry) article.visible.first:not(.product) {\n  margin-top: 0;\n  padding-top: 0;\n}\n.blog-shortcode.blog-list-shortcode-id-e55ce8e1acd23600e4da6eb5bc5892c7 .post-thumbnail-wrap {\n  padding: 0px 0px 0px 0px;\n}\n.blog-shortcode.blog-list-shortcode-id-e55ce8e1acd23600e4da6eb5bc5892c7.enable-bg-rollover .post-thumbnail-rollover:after {\n  background: -webkit-linear-gradient();\n  background: linear-gradient();\n}\n.blog-shortcode.blog-list-shortcode-id-e55ce8e1acd23600e4da6eb5bc5892c7 .gallery-zoom-ico {\n  width: 44px;\n  height: 44px;\n  line-height: 44px;\n  border-radius: 100px;\n  margin: -22px 0 0 -22px;\n  border-width: 0px;\n  color: #ffffff;\n}\n.bottom-overlap-layout-list.blog-shortcode.blog-list-shortcode-id-e55ce8e1acd23600e4da6eb5bc5892c7 .gallery-zoom-ico {\n  margin-top: -22px;\n}\n.gradient-overlay-layout-list.blog-shortcode.blog-list-shortcode-id-e55ce8e1acd23600e4da6eb5bc5892c7 .gallery-zoom-ico,\n.content-rollover-layout-list.blog-shortcode.blog-list-shortcode-id-e55ce8e1acd23600e4da6eb5bc5892c7 .gallery-zoom-ico {\n  margin: 0 0 10px;\n}\n.content-align-center.gradient-overlay-layout-list.blog-shortcode.blog-list-shortcode-id-e55ce8e1acd23600e4da6eb5bc5892c7 .gallery-zoom-ico,\n.content-align-center.content-rollover-layout-list.blog-shortcode.blog-list-shortcode-id-e55ce8e1acd23600e4da6eb5bc5892c7 .gallery-zoom-ico {\n  margin: 0 auto 10px;\n}\n.dt-icon-bg-on.blog-shortcode.blog-list-shortcode-id-e55ce8e1acd23600e4da6eb5bc5892c7 .gallery-zoom-ico {\n  background: rgba(255,255,255,0.3);\n  box-shadow: none;\n}\n.blog-shortcode.blog-list-shortcode-id-e55ce8e1acd23600e4da6eb5bc5892c7 .gallery-zoom-ico > span,\n.blog-shortcode.blog-list-shortcode-id-e55ce8e1acd23600e4da6eb5bc5892c7 .gallery-zoom-ico:before {\n  font-size: 32px;\n  line-height: 44px;\n}\n.blog-shortcode.blog-list-shortcode-id-e55ce8e1acd23600e4da6eb5bc5892c7 .gallery-zoom-ico > span,\n.blog-shortcode.blog-list-shortcode-id-e55ce8e1acd23600e4da6eb5bc5892c7 .gallery-zoom-ico:before {\n  color: #ffffff;\n}\n.blog-shortcode.blog-list-shortcode-id-e55ce8e1acd23600e4da6eb5bc5892c7 .fancy-date a {\n  background: #ffffff;\n  box-shadow: none;\n}\n.blog-shortcode.blog-list-shortcode-id-e55ce8e1acd23600e4da6eb5bc5892c7 .fancy-date a * {\n  color: #2d2d2d;\n}\n.blog-shortcode.blog-list-shortcode-id-e55ce8e1acd23600e4da6eb5bc5892c7 .entry-title,\n.blog-shortcode.blog-list-shortcode-id-e55ce8e1acd23600e4da6eb5bc5892c7.owl-carousel .entry-title {\n  margin-bottom: 5px;\n  font-weight: bold;\n}\n.blog-shortcode.blog-list-shortcode-id-e55ce8e1acd23600e4da6eb5bc5892c7 .entry-meta {\n  margin-bottom: 15px;\n}\n.blog-shortcode.blog-list-shortcode-id-e55ce8e1acd23600e4da6eb5bc5892c7 .portfolio-categories {\n  margin-bottom: 15px;\n}\n.blog-shortcode.blog-list-shortcode-id-e55ce8e1acd23600e4da6eb5bc5892c7 .entry-excerpt {\n  margin-bottom: 5px;\n}\n.blog-shortcode.blog-list-shortcode-id-e55ce8e1acd23600e4da6eb5bc5892c7:not(.centered-layout-list) .post-entry-content {\n  padding: 25px 30px 30px 30px;\n}\n.blog-shortcode.blog-list-shortcode-id-e55ce8e1acd23600e4da6eb5bc5892c7:not(.centered-layout-list):not(.content-bg-on):not(.mode-list) .no-img .post-entry-content {\n  padding: 0;\n}\n@media screen and (max-width: 768px) {\n  .blog-shortcode.blog-list-shortcode-id-e55ce8e1acd23600e4da6eb5bc5892c7 article {\n    -ms-flex-flow: column nowrap;\n    flex-flow: column nowrap;\n    margin-top: 20px;\n  }\n  .blog-shortcode.blog-list-shortcode-id-e55ce8e1acd23600e4da6eb5bc5892c7.dividers-on article {\n    border: none;\n  }\n  .blog-shortcode.blog-list-shortcode-id-e55ce8e1acd23600e4da6eb5bc5892c7.content-bg-on.centered-layout-list article {\n    padding: 0;\n  }\n  .blog-shortcode.blog-list-shortcode-id-e55ce8e1acd23600e4da6eb5bc5892c7.blog-shortcode.dividers-on article,\n  .blog-shortcode.blog-list-shortcode-id-e55ce8e1acd23600e4da6eb5bc5892c7.dividers-on.classic-layout-list article {\n    margin-top: 20px;\n    padding: 0;\n  }\n  .blog-shortcode.blog-list-shortcode-id-e55ce8e1acd23600e4da6eb5bc5892c7.blog-shortcode.dividers-on article:first-of-type,\n  .blog-shortcode.blog-list-shortcode-id-e55ce8e1acd23600e4da6eb5bc5892c7.dividers-on.classic-layout-list article:first-of-type {\n    padding: 0;\n  }\n  #page .blog-shortcode.blog-list-shortcode-id-e55ce8e1acd23600e4da6eb5bc5892c7 .post-thumbnail-wrap,\n  #page .blog-shortcode.blog-list-shortcode-id-e55ce8e1acd23600e4da6eb5bc5892c7 .post-entry-content {\n    width: 100%;\n    margin: 0;\n    top: 0;\n  }\n  #page .blog-shortcode.blog-list-shortcode-id-e55ce8e1acd23600e4da6eb5bc5892c7 .post-thumbnail-wrap {\n    padding: 0;\n  }\n  #page .blog-shortcode.blog-list-shortcode-id-e55ce8e1acd23600e4da6eb5bc5892c7 .post-entry-content:after {\n    display: none;\n  }\n  #page .blog-shortcode.blog-list-shortcode-id-e55ce8e1acd23600e4da6eb5bc5892c7 .project-even .post-thumbnail-wrap,\n  #page .blog-shortcode.blog-list-shortcode-id-e55ce8e1acd23600e4da6eb5bc5892c7.centered-layout-list .post-thumbnail-wrap {\n    -ms-flex-order: 0;\n    order: 0;\n  }\n  #page .blog-shortcode.blog-list-shortcode-id-e55ce8e1acd23600e4da6eb5bc5892c7.centered-layout-list .post-entry-title-content {\n    -ms-flex-order: 1;\n    order: 1;\n    width: 100%;\n    padding: 20px 20px 0;\n  }\n  #page .blog-shortcode.blog-list-shortcode-id-e55ce8e1acd23600e4da6eb5bc5892c7.centered-layout-list .post-entry-content {\n    -ms-flex-order: 2;\n    order: 2;\n    padding-top: 0;\n  }\n  #page .blog-shortcode.blog-list-shortcode-id-e55ce8e1acd23600e4da6eb5bc5892c7 .fancy-categories {\n    top: 10px;\n    left: 10px;\n    bottom: auto;\n    right: auto;\n  }\n  #page .blog-shortcode.blog-list-shortcode-id-e55ce8e1acd23600e4da6eb5bc5892c7 .fancy-date a {\n    top: 10px;\n    right: 10px;\n    left: auto;\n    bottom: auto;\n  }\n  #page .blog-shortcode.blog-list-shortcode-id-e55ce8e1acd23600e4da6eb5bc5892c7 .post-entry-content {\n    padding: 20px;\n  }\n  #page .blog-shortcode.blog-list-shortcode-id-e55ce8e1acd23600e4da6eb5bc5892c7 .entry-title {\n    margin: 3px 0 5px;\n    font-size: 20px;\n    line-height: 26px;\n  }\n  #page .blog-shortcode.blog-list-shortcode-id-e55ce8e1acd23600e4da6eb5bc5892c7 .entry-meta {\n    margin: 5px 0 5px;\n  }\n  #page .blog-shortcode.blog-list-shortcode-id-e55ce8e1acd23600e4da6eb5bc5892c7 .entry-excerpt {\n    margin: 15px 0 0;\n  }\n  #page .blog-shortcode.blog-list-shortcode-id-e55ce8e1acd23600e4da6eb5bc5892c7 .post-details {\n    margin: 5px 0 10px;\n  }\n  #page .blog-shortcode.blog-list-shortcode-id-e55ce8e1acd23600e4da6eb5bc5892c7 .post-details.details-type-link {\n    margin-bottom: 2px;\n  }\n}\n<\/style><div class=\"articles-list blog-shortcode mode-list blog-list-shortcode-id-e55ce8e1acd23600e4da6eb5bc5892c7 classic-layout-list content-bg-on jquery-filter scale-img dt-icon-bg-off loading-effect-fade-in\" data-cur-page=\"1\" data-post-limit=\"-1\" data-pagination-mode=\"none\"><article class=\"post project-odd visible no-img post-315 type-post status-publish format-standard hentry category-bashkohesia category-25 description-off\" data-name=\"Gruaja &#8211; Kodi i nderit t\u00eb familjes Shqiptare\" data-date=\"2019-01-22T11:24:52+00:00\">\n\n<div class=\"post-entry-content\">\n\n\t<h3 class=\"entry-title\">\n\t\t<a href=\"https:\/\/rrenjettona.al\/index.php\/2019\/01\/22\/gruaja-kodi-i-nderit-te-familjes-shqiptare\/\" title=\"Gruaja &#8211; Kodi i nderit t\u00eb familjes Shqiptare\" rel=\"bookmark\">Gruaja &#8211; Kodi i nderit t\u00eb familjes Shqiptare<\/a>\n\t<\/h3>\n\n\t<div class=\"entry-meta\"><span class=\"category-link\"><a href=\"https:\/\/rrenjettona.al\/index.php\/category\/etnokulture\/bashkohesia\/\" >Bashkoh\u00ebsia<\/a><\/span><a class=\"author vcard\" href=\"https:\/\/rrenjettona.al\/index.php\/author\/admin\/\" title=\"View all posts by admin\" rel=\"author\">By <span class=\"fn\">admin<\/span><\/a><a href=\"https:\/\/rrenjettona.al\/index.php\/2019\/01\/22\/\" title=\"11:24 am\" class=\"data-link\" rel=\"bookmark\"><time class=\"entry-date updated\" datetime=\"2019-01-22T11:24:52+00:00\">January 22, 2019<\/time><\/a><\/div>\n\t<div class=\"entry-excerpt\"><p>[vc_row][vc_column width=&#8221;1\/3&#8243;][vc_single_image image=&#8221;316&#8243; img_size=&#8221;full&#8221;][\/vc_column][vc_column width=&#8221;1\/3&#8243;][vc_column_text] ETIMOLOGJIA DHE KUPTIMI I KONCEPTIT GRUA Termi Gea n\u00eb greqisht q\u00eb n\u00eb shqip d.t.th tok\u00eb e merr kuptimin primar nga fjala \u201cGi\u201d (gji), q\u00eb n\u00eb gr. d.m.th. tok\u00eb. Por q\u00eb n\u00eb fakt, sipas A. Kol\u00ebs, ky koncept rrjedh apo vjen nga \u201cGji\u201d- ri i femr\u00ebs.[1] Pas Kaosit, thot\u00eb Hesoidi, u&hellip;<\/p>\n<\/div>\n\t\n<a href=\"https:\/\/rrenjettona.al\/index.php\/2019\/01\/22\/gruaja-kodi-i-nderit-te-familjes-shqiptare\/\" class=\"post-details details-type-link\" aria-label=\"Read more about Gruaja &#8211; Kodi i nderit t\u00eb familjes Shqiptare\">Read more<i class=\"dt-icon-the7-arrow-03\" aria-hidden=\"true\"><\/i><\/a>\n\n<\/div><\/article><article class=\"post project-odd visible no-img post-304 type-post status-publish format-standard hentry category-bashkohesia category-25 description-off\" data-name=\"Antropologjia te pellazg\u00ebt dhe\/ose te shqiptar\u00ebt sot\" data-date=\"2019-01-22T11:15:10+00:00\">\n\n<div class=\"post-entry-content\">\n\n\t<h3 class=\"entry-title\">\n\t\t<a href=\"https:\/\/rrenjettona.al\/index.php\/2019\/01\/22\/antropologjia-te-pellazget-dhe-ose-te-shqiptaret-sot\/\" title=\"Antropologjia te pellazg\u00ebt dhe\/ose te shqiptar\u00ebt sot\" rel=\"bookmark\">Antropologjia te pellazg\u00ebt dhe\/ose te shqiptar\u00ebt sot<\/a>\n\t<\/h3>\n\n\t<div class=\"entry-meta\"><span class=\"category-link\"><a href=\"https:\/\/rrenjettona.al\/index.php\/category\/etnokulture\/bashkohesia\/\" >Bashkoh\u00ebsia<\/a><\/span><a class=\"author vcard\" href=\"https:\/\/rrenjettona.al\/index.php\/author\/admin\/\" title=\"View all posts by admin\" rel=\"author\">By <span class=\"fn\">admin<\/span><\/a><a href=\"https:\/\/rrenjettona.al\/index.php\/2019\/01\/22\/\" title=\"11:15 am\" class=\"data-link\" rel=\"bookmark\"><time class=\"entry-date updated\" datetime=\"2019-01-22T11:15:10+00:00\">January 22, 2019<\/time><\/a><\/div>\n\t<div class=\"entry-excerpt\"><p>[vc_row][vc_column width=&#8221;1\/3&#8243;][vc_single_image image=&#8221;305&#8243; img_size=&#8221;full&#8221; alignment=&#8221;center&#8221; image_hovers=&#8221;false&#8221;][\/vc_column][vc_column width=&#8221;1\/3&#8243;][vc_column_text] RACA N\u00cb KUPTIMIN ANTROPOLOGJIK Treguesi qefalonik &#8211; N\u00eb dhjetor t\u00eb vitit 1918, n\u00eb nj\u00eb shkrim t\u00eb gjat\u00eb p\u00ebr Racat e Evrop\u00ebs, raca shqiptare zinte nj\u00eb vend mjaft t\u00eb r\u00ebnd\u00ebsish\u00ebm, ku p\u00ebrshkruhej plot me ngjyra interesante dhe n\u00eb m\u00ebnyr\u00eb mjaft shkencore. Me interes jan\u00eb t\u00eb gjitha fotografit\u00eb e paraqitura&hellip;<\/p>\n<\/div>\n\t\n<a href=\"https:\/\/rrenjettona.al\/index.php\/2019\/01\/22\/antropologjia-te-pellazget-dhe-ose-te-shqiptaret-sot\/\" class=\"post-details details-type-link\" aria-label=\"Read more about Antropologjia te pellazg\u00ebt dhe\/ose te shqiptar\u00ebt sot\">Read more<i class=\"dt-icon-the7-arrow-03\" aria-hidden=\"true\"><\/i><\/a>\n\n<\/div><\/article><article class=\"post project-odd visible no-img post-292 type-post status-publish format-standard hentry category-bashkohesia category-25 description-off\" data-name=\"Korifeu i letrave shqipe\" data-date=\"2019-01-22T10:53:30+00:00\">\n\n<div class=\"post-entry-content\">\n\n\t<h3 class=\"entry-title\">\n\t\t<a href=\"https:\/\/rrenjettona.al\/index.php\/2019\/01\/22\/korifeu-i-letrave-shqipe\/\" title=\"Korifeu i letrave shqipe\" rel=\"bookmark\">Korifeu i letrave shqipe<\/a>\n\t<\/h3>\n\n\t<div class=\"entry-meta\"><span class=\"category-link\"><a href=\"https:\/\/rrenjettona.al\/index.php\/category\/etnokulture\/bashkohesia\/\" >Bashkoh\u00ebsia<\/a><\/span><a class=\"author vcard\" href=\"https:\/\/rrenjettona.al\/index.php\/author\/admin\/\" title=\"View all posts by admin\" rel=\"author\">By <span class=\"fn\">admin<\/span><\/a><a href=\"https:\/\/rrenjettona.al\/index.php\/2019\/01\/22\/\" title=\"10:53 am\" class=\"data-link\" rel=\"bookmark\"><time class=\"entry-date updated\" datetime=\"2019-01-22T10:53:30+00:00\">January 22, 2019<\/time><\/a><\/div>\n\t<div class=\"entry-excerpt\"><p>[vc_row][vc_column width=&#8221;1\/3&#8243;][vc_single_image image=&#8221;293&#8243; img_size=&#8221;full&#8221; alignment=&#8221;center&#8221; image_hovers=&#8221;false&#8221;][\/vc_column][vc_column width=&#8221;1\/3&#8243;][vc_column_text] Edhe kombi ka t\u00eb drejt\u00eb p\u00ebrr reth meje M\u00eb 30 dhjetor t\u00eb vitit 1940, n\u00eb mosh\u00ebn 69 vje\u00e7are, pas nj\u00eb plomonie q\u00eb kishte marr\u00eb gjat\u00eb nj\u00eb vizite n\u00eb Troshan, n\u00eb fillim dhjetor 1940, atje ku kishte filluar jet\u00ebn sh\u00ebrbestare dhe letrare, kthehet n\u00eb Shkod\u00ebr, i s\u00ebmur\u00eb r\u00ebnd\u00eb, dhe&hellip;<\/p>\n<\/div>\n\t\n<a href=\"https:\/\/rrenjettona.al\/index.php\/2019\/01\/22\/korifeu-i-letrave-shqipe\/\" class=\"post-details details-type-link\" aria-label=\"Read more about Korifeu i letrave shqipe\">Read more<i class=\"dt-icon-the7-arrow-03\" aria-hidden=\"true\"><\/i><\/a>\n\n<\/div><\/article><\/div>[\/vc_column][\/vc_row]<\/p>\n<\/div>","protected":false},"excerpt":{"rendered":"<p>[vc_row][vc_column][\/vc_column][\/vc_row]<\/p>\n","protected":false},"author":3,"featured_media":0,"parent":438,"menu_order":0,"comment_status":"closed","ping_status":"closed","template":"","meta":{"footnotes":""},"class_list":["post-451","page","type-page","status-publish","hentry","description-off"],"_links":{"self":[{"href":"https:\/\/rrenjettona.al\/index.php\/wp-json\/wp\/v2\/pages\/451","targetHints":{"allow":["GET"]}}],"collection":[{"href":"https:\/\/rrenjettona.al\/index.php\/wp-json\/wp\/v2\/pages"}],"about":[{"href":"https:\/\/rrenjettona.al\/index.php\/wp-json\/wp\/v2\/types\/page"}],"author":[{"embeddable":true,"href":"https:\/\/rrenjettona.al\/index.php\/wp-json\/wp\/v2\/users\/3"}],"replies":[{"embeddable":true,"href":"https:\/\/rrenjettona.al\/index.php\/wp-json\/wp\/v2\/comments?post=451"}],"version-history":[{"count":1,"href":"https:\/\/rrenjettona.al\/index.php\/wp-json\/wp\/v2\/pages\/451\/revisions"}],"predecessor-version":[{"id":452,"href":"https:\/\/rrenjettona.al\/index.php\/wp-json\/wp\/v2\/pages\/451\/revisions\/452"}],"up":[{"embeddable":true,"href":"https:\/\/rrenjettona.al\/index.php\/wp-json\/wp\/v2\/pages\/438"}],"wp:attachment":[{"href":"https:\/\/rrenjettona.al\/index.php\/wp-json\/wp\/v2\/media?parent=451"}],"curies":[{"name":"wp","href":"https:\/\/api.w.org\/{rel}","templated":true}]}}