{"id":441,"date":"2019-01-22T14:29:25","date_gmt":"2019-01-22T14:29:25","guid":{"rendered":"https:\/\/rrenjettona.al\/?page_id=441"},"modified":"2019-01-22T14:29:25","modified_gmt":"2019-01-22T14:29:25","slug":"prehistori","status":"publish","type":"page","link":"https:\/\/rrenjettona.al\/index.php\/etnokulture\/prehistori\/","title":{"rendered":"Prehistori"},"content":{"rendered":"<div class=\"wpb-content-wrapper\"><p>[vc_row][vc_column]<style type=\"text\/css\" data-type=\"the7_shortcodes-inline-css\">.blog-shortcode.blog-list-shortcode-id-b2630f9e6065b51c2bf9e2318353668f.dividers-on.classic-layout-list article {\n  margin-top: 50px;\n  padding-top: 0;\n}\n.blog-shortcode.blog-list-shortcode-id-b2630f9e6065b51c2bf9e2318353668f.dividers-on.classic-layout-list article:first-of-type {\n  margin-top: 0;\n  padding-top: 0;\n}\n.blog-shortcode.blog-list-shortcode-id-b2630f9e6065b51c2bf9e2318353668f.classic-layout-list.mode-list .post-thumbnail-wrap {\n  width: 50%;\n}\n.blog-shortcode.blog-list-shortcode-id-b2630f9e6065b51c2bf9e2318353668f.classic-layout-list.mode-list .post-entry-content {\n  width: calc(100% - 50%);\n}\n.blog-shortcode.blog-list-shortcode-id-b2630f9e6065b51c2bf9e2318353668f.classic-layout-list.mode-list .no-img .post-entry-content {\n  width: 100%;\n}\n.blog-shortcode.blog-list-shortcode-id-b2630f9e6065b51c2bf9e2318353668f .filter-bg-decoration .filter-categories a.act {\n  color: #fff;\n}\n.blog-shortcode.blog-list-shortcode-id-b2630f9e6065b51c2bf9e2318353668f:not(.mode-masonry) article {\n  margin-top: 50px;\n}\n.blog-shortcode.blog-list-shortcode-id-b2630f9e6065b51c2bf9e2318353668f:not(.mode-masonry) article:first-of-type,\n.blog-shortcode.blog-list-shortcode-id-b2630f9e6065b51c2bf9e2318353668f:not(.mode-masonry) article.visible.first:not(.product) {\n  margin-top: 0;\n}\n.blog-shortcode.blog-list-shortcode-id-b2630f9e6065b51c2bf9e2318353668f.dividers-on:not(.mode-masonry) article {\n  margin-top: 0;\n  padding-top: 50px;\n}\n.blog-shortcode.blog-list-shortcode-id-b2630f9e6065b51c2bf9e2318353668f.dividers-on:not(.mode-masonry) article:first-of-type,\n.blog-shortcode.blog-list-shortcode-id-b2630f9e6065b51c2bf9e2318353668f.dividers-on:not(.mode-masonry) article.visible.first:not(.product) {\n  margin-top: 0;\n  padding-top: 0;\n}\n.blog-shortcode.blog-list-shortcode-id-b2630f9e6065b51c2bf9e2318353668f .post-thumbnail-wrap {\n  padding: 0px 0px 0px 0px;\n}\n.blog-shortcode.blog-list-shortcode-id-b2630f9e6065b51c2bf9e2318353668f.enable-bg-rollover .post-thumbnail-rollover:after {\n  background: -webkit-linear-gradient();\n  background: linear-gradient();\n}\n.blog-shortcode.blog-list-shortcode-id-b2630f9e6065b51c2bf9e2318353668f .gallery-zoom-ico {\n  width: 44px;\n  height: 44px;\n  line-height: 44px;\n  border-radius: 100px;\n  margin: -22px 0 0 -22px;\n  border-width: 0px;\n  color: #ffffff;\n}\n.bottom-overlap-layout-list.blog-shortcode.blog-list-shortcode-id-b2630f9e6065b51c2bf9e2318353668f .gallery-zoom-ico {\n  margin-top: -22px;\n}\n.gradient-overlay-layout-list.blog-shortcode.blog-list-shortcode-id-b2630f9e6065b51c2bf9e2318353668f .gallery-zoom-ico,\n.content-rollover-layout-list.blog-shortcode.blog-list-shortcode-id-b2630f9e6065b51c2bf9e2318353668f .gallery-zoom-ico {\n  margin: 0 0 10px;\n}\n.content-align-center.gradient-overlay-layout-list.blog-shortcode.blog-list-shortcode-id-b2630f9e6065b51c2bf9e2318353668f .gallery-zoom-ico,\n.content-align-center.content-rollover-layout-list.blog-shortcode.blog-list-shortcode-id-b2630f9e6065b51c2bf9e2318353668f .gallery-zoom-ico {\n  margin: 0 auto 10px;\n}\n.dt-icon-bg-on.blog-shortcode.blog-list-shortcode-id-b2630f9e6065b51c2bf9e2318353668f .gallery-zoom-ico {\n  background: rgba(255,255,255,0.3);\n  box-shadow: none;\n}\n.blog-shortcode.blog-list-shortcode-id-b2630f9e6065b51c2bf9e2318353668f .gallery-zoom-ico > span,\n.blog-shortcode.blog-list-shortcode-id-b2630f9e6065b51c2bf9e2318353668f .gallery-zoom-ico:before {\n  font-size: 32px;\n  line-height: 44px;\n}\n.blog-shortcode.blog-list-shortcode-id-b2630f9e6065b51c2bf9e2318353668f .gallery-zoom-ico > span,\n.blog-shortcode.blog-list-shortcode-id-b2630f9e6065b51c2bf9e2318353668f .gallery-zoom-ico:before {\n  color: #ffffff;\n}\n.blog-shortcode.blog-list-shortcode-id-b2630f9e6065b51c2bf9e2318353668f .fancy-date a {\n  background: #ffffff;\n  box-shadow: none;\n}\n.blog-shortcode.blog-list-shortcode-id-b2630f9e6065b51c2bf9e2318353668f .fancy-date a * {\n  color: #2d2d2d;\n}\n.blog-shortcode.blog-list-shortcode-id-b2630f9e6065b51c2bf9e2318353668f .entry-title,\n.blog-shortcode.blog-list-shortcode-id-b2630f9e6065b51c2bf9e2318353668f.owl-carousel .entry-title {\n  margin-bottom: 5px;\n  font-weight: bold;\n}\n.blog-shortcode.blog-list-shortcode-id-b2630f9e6065b51c2bf9e2318353668f .entry-meta {\n  margin-bottom: 15px;\n}\n.blog-shortcode.blog-list-shortcode-id-b2630f9e6065b51c2bf9e2318353668f .portfolio-categories {\n  margin-bottom: 15px;\n}\n.blog-shortcode.blog-list-shortcode-id-b2630f9e6065b51c2bf9e2318353668f .entry-excerpt {\n  margin-bottom: 5px;\n}\n.blog-shortcode.blog-list-shortcode-id-b2630f9e6065b51c2bf9e2318353668f:not(.centered-layout-list) .post-entry-content {\n  padding: 25px 30px 30px 30px;\n}\n.blog-shortcode.blog-list-shortcode-id-b2630f9e6065b51c2bf9e2318353668f:not(.centered-layout-list):not(.content-bg-on):not(.mode-list) .no-img .post-entry-content {\n  padding: 0;\n}\n@media screen and (max-width: 768px) {\n  .blog-shortcode.blog-list-shortcode-id-b2630f9e6065b51c2bf9e2318353668f article {\n    -ms-flex-flow: column nowrap;\n    flex-flow: column nowrap;\n    margin-top: 20px;\n  }\n  .blog-shortcode.blog-list-shortcode-id-b2630f9e6065b51c2bf9e2318353668f.dividers-on article {\n    border: none;\n  }\n  .blog-shortcode.blog-list-shortcode-id-b2630f9e6065b51c2bf9e2318353668f.content-bg-on.centered-layout-list article {\n    padding: 0;\n  }\n  .blog-shortcode.blog-list-shortcode-id-b2630f9e6065b51c2bf9e2318353668f.blog-shortcode.dividers-on article,\n  .blog-shortcode.blog-list-shortcode-id-b2630f9e6065b51c2bf9e2318353668f.dividers-on.classic-layout-list article {\n    margin-top: 20px;\n    padding: 0;\n  }\n  .blog-shortcode.blog-list-shortcode-id-b2630f9e6065b51c2bf9e2318353668f.blog-shortcode.dividers-on article:first-of-type,\n  .blog-shortcode.blog-list-shortcode-id-b2630f9e6065b51c2bf9e2318353668f.dividers-on.classic-layout-list article:first-of-type {\n    padding: 0;\n  }\n  #page .blog-shortcode.blog-list-shortcode-id-b2630f9e6065b51c2bf9e2318353668f .post-thumbnail-wrap,\n  #page .blog-shortcode.blog-list-shortcode-id-b2630f9e6065b51c2bf9e2318353668f .post-entry-content {\n    width: 100%;\n    margin: 0;\n    top: 0;\n  }\n  #page .blog-shortcode.blog-list-shortcode-id-b2630f9e6065b51c2bf9e2318353668f .post-thumbnail-wrap {\n    padding: 0;\n  }\n  #page .blog-shortcode.blog-list-shortcode-id-b2630f9e6065b51c2bf9e2318353668f .post-entry-content:after {\n    display: none;\n  }\n  #page .blog-shortcode.blog-list-shortcode-id-b2630f9e6065b51c2bf9e2318353668f .project-even .post-thumbnail-wrap,\n  #page .blog-shortcode.blog-list-shortcode-id-b2630f9e6065b51c2bf9e2318353668f.centered-layout-list .post-thumbnail-wrap {\n    -ms-flex-order: 0;\n    order: 0;\n  }\n  #page .blog-shortcode.blog-list-shortcode-id-b2630f9e6065b51c2bf9e2318353668f.centered-layout-list .post-entry-title-content {\n    -ms-flex-order: 1;\n    order: 1;\n    width: 100%;\n    padding: 20px 20px 0;\n  }\n  #page .blog-shortcode.blog-list-shortcode-id-b2630f9e6065b51c2bf9e2318353668f.centered-layout-list .post-entry-content {\n    -ms-flex-order: 2;\n    order: 2;\n    padding-top: 0;\n  }\n  #page .blog-shortcode.blog-list-shortcode-id-b2630f9e6065b51c2bf9e2318353668f .fancy-categories {\n    top: 10px;\n    left: 10px;\n    bottom: auto;\n    right: auto;\n  }\n  #page .blog-shortcode.blog-list-shortcode-id-b2630f9e6065b51c2bf9e2318353668f .fancy-date a {\n    top: 10px;\n    right: 10px;\n    left: auto;\n    bottom: auto;\n  }\n  #page .blog-shortcode.blog-list-shortcode-id-b2630f9e6065b51c2bf9e2318353668f .post-entry-content {\n    padding: 20px;\n  }\n  #page .blog-shortcode.blog-list-shortcode-id-b2630f9e6065b51c2bf9e2318353668f .entry-title {\n    margin: 3px 0 5px;\n    font-size: 20px;\n    line-height: 26px;\n  }\n  #page .blog-shortcode.blog-list-shortcode-id-b2630f9e6065b51c2bf9e2318353668f .entry-meta {\n    margin: 5px 0 5px;\n  }\n  #page .blog-shortcode.blog-list-shortcode-id-b2630f9e6065b51c2bf9e2318353668f .entry-excerpt {\n    margin: 15px 0 0;\n  }\n  #page .blog-shortcode.blog-list-shortcode-id-b2630f9e6065b51c2bf9e2318353668f .post-details {\n    margin: 5px 0 10px;\n  }\n  #page .blog-shortcode.blog-list-shortcode-id-b2630f9e6065b51c2bf9e2318353668f .post-details.details-type-link {\n    margin-bottom: 2px;\n  }\n}\n<\/style><div class=\"articles-list blog-shortcode mode-list blog-list-shortcode-id-b2630f9e6065b51c2bf9e2318353668f classic-layout-list content-bg-on jquery-filter scale-img dt-icon-bg-off loading-effect-fade-in\" data-cur-page=\"1\" data-post-limit=\"-1\" data-pagination-mode=\"none\"><article class=\"post project-odd visible no-img post-320 type-post status-publish format-standard hentry category-prehistori-3 category-21 description-off\" data-name=\"Kalendar\u00ebt Pellazg &#8211; Kalendar\u00ebt e par\u00eb Europiane\" data-date=\"2019-01-22T11:29:52+00:00\">\n\n<div class=\"post-entry-content\">\n\n\t<h3 class=\"entry-title\">\n\t\t<a href=\"https:\/\/rrenjettona.al\/index.php\/2019\/01\/22\/kalendaret-pellazg-kalendaret-e-pare-europiane\/\" title=\"Kalendar\u00ebt Pellazg &#8211; Kalendar\u00ebt e par\u00eb Europiane\" rel=\"bookmark\">Kalendar\u00ebt Pellazg &#8211; Kalendar\u00ebt e par\u00eb Europiane<\/a>\n\t<\/h3>\n\n\t<div class=\"entry-meta\"><span class=\"category-link\"><a href=\"https:\/\/rrenjettona.al\/index.php\/category\/etnokulture\/prehistori-3\/\" >Prehistori<\/a><\/span><a class=\"author vcard\" href=\"https:\/\/rrenjettona.al\/index.php\/author\/admin\/\" title=\"View all posts by admin\" rel=\"author\">By <span class=\"fn\">admin<\/span><\/a><a href=\"https:\/\/rrenjettona.al\/index.php\/2019\/01\/22\/\" title=\"11:29 am\" class=\"data-link\" rel=\"bookmark\"><time class=\"entry-date updated\" datetime=\"2019-01-22T11:29:52+00:00\">January 22, 2019<\/time><\/a><\/div>\n\t<div class=\"entry-excerpt\"><p>[vc_row][vc_column width=&#8221;1\/3&#8243;][vc_single_image image=&#8221;321&#8243; img_size=&#8221;full&#8221;][\/vc_column][vc_column width=&#8221;1\/3&#8243;][vc_column_text] DETYRIMI P\u00cbR KALENDAR I NJERIUT T\u00cb ASOBOTE Dihet q\u00eb njeriut prej koh\u00ebsh i \u00ebsht\u00eb dashur t\u00eb orientohet me dit\u00ebt e caktuara t\u00eb vitit apo t\u00eb motmoteve apo me fillimin e h\u00ebnz\u00ebs s\u00eb plot\u00eb e at\u00eb t\u00eb mang\u00ebt deri n\u00eb at\u00eb ndikimeve t\u00eb planet\u00ebve. Ndaj dhe m\u00eb par\u00eb se t\u00eb nd\u00ebrtonte&hellip;<\/p>\n<\/div>\n\t\n<a href=\"https:\/\/rrenjettona.al\/index.php\/2019\/01\/22\/kalendaret-pellazg-kalendaret-e-pare-europiane\/\" class=\"post-details details-type-link\" aria-label=\"Read more about Kalendar\u00ebt Pellazg &#8211; Kalendar\u00ebt e par\u00eb Europiane\">Read more<i class=\"dt-icon-the7-arrow-03\" aria-hidden=\"true\"><\/i><\/a>\n\n<\/div><\/article><article class=\"post project-odd visible no-img post-309 type-post status-publish format-standard hentry category-prehistori-3 category-21 description-off\" data-name=\"Gjama e burrave\" data-date=\"2019-01-22T11:20:30+00:00\">\n\n<div class=\"post-entry-content\">\n\n\t<h3 class=\"entry-title\">\n\t\t<a href=\"https:\/\/rrenjettona.al\/index.php\/2019\/01\/22\/gjama-e-burrave\/\" title=\"Gjama e burrave\" rel=\"bookmark\">Gjama e burrave<\/a>\n\t<\/h3>\n\n\t<div class=\"entry-meta\"><span class=\"category-link\"><a href=\"https:\/\/rrenjettona.al\/index.php\/category\/etnokulture\/prehistori-3\/\" >Prehistori<\/a><\/span><a class=\"author vcard\" href=\"https:\/\/rrenjettona.al\/index.php\/author\/admin\/\" title=\"View all posts by admin\" rel=\"author\">By <span class=\"fn\">admin<\/span><\/a><a href=\"https:\/\/rrenjettona.al\/index.php\/2019\/01\/22\/\" title=\"11:20 am\" class=\"data-link\" rel=\"bookmark\"><time class=\"entry-date updated\" datetime=\"2019-01-22T11:20:30+00:00\">January 22, 2019<\/time><\/a><\/div>\n\t<div class=\"entry-excerpt\"><p>[vc_row][vc_column width=&#8221;1\/3&#8243;][vc_single_image image=&#8221;310&#8243; img_size=&#8221;full&#8221;][\/vc_column][vc_column width=&#8221;1\/3&#8243;][vc_column_text] Gjama e burrave \u00ebsht\u00eb nj\u00eb tradit\u00eb e lasht\u00eb q\u00eb ka p\u00ebrcjell popullin shqiptar p\u00ebr disa shekuj n\u00eb ve\u00e7anti n\u00eb Veri t\u00eb Shqip\u00ebris\u00eb. Megjithat\u00eb, kjo tradit\u00eb ka nisur t\u00eb zhduket dhe t\u00eb vetmit q\u00eb po e mbajn\u00eb gjall\u00eb jan\u00eb pleqt\u00eb e k\u00ebtyre vendeve veriore. Gjam\u00ebn e burrave e vajin e grave&hellip;<\/p>\n<\/div>\n\t\n<a href=\"https:\/\/rrenjettona.al\/index.php\/2019\/01\/22\/gjama-e-burrave\/\" class=\"post-details details-type-link\" aria-label=\"Read more about Gjama e burrave\">Read more<i class=\"dt-icon-the7-arrow-03\" aria-hidden=\"true\"><\/i><\/a>\n\n<\/div><\/article><article class=\"post project-odd visible no-img post-145 type-post status-publish format-standard hentry category-prehistori-3 category-21 description-off\" data-name=\"Besimi h\u00ebnor Mana\" data-date=\"2018-12-25T14:07:23+00:00\">\n\n<div class=\"post-entry-content\">\n\n\t<h3 class=\"entry-title\">\n\t\t<a href=\"https:\/\/rrenjettona.al\/index.php\/2018\/12\/25\/besimi-henor-mana\/\" title=\"Besimi h\u00ebnor Mana\" rel=\"bookmark\">Besimi h\u00ebnor Mana<\/a>\n\t<\/h3>\n\n\t<div class=\"entry-meta\"><span class=\"category-link\"><a href=\"https:\/\/rrenjettona.al\/index.php\/category\/etnokulture\/prehistori-3\/\" >Prehistori<\/a><\/span><a class=\"author vcard\" href=\"https:\/\/rrenjettona.al\/index.php\/author\/admin\/\" title=\"View all posts by admin\" rel=\"author\">By <span class=\"fn\">admin<\/span><\/a><a href=\"https:\/\/rrenjettona.al\/index.php\/2018\/12\/25\/\" title=\"2:07 pm\" class=\"data-link\" rel=\"bookmark\"><time class=\"entry-date updated\" datetime=\"2018-12-25T14:07:23+00:00\">December 25, 2018<\/time><\/a><\/div>\n\t<div class=\"entry-excerpt\"><p>[vc_row][vc_column width=&#8221;1\/3&#8243;][vc_single_image image=&#8221;146&#8243; img_size=&#8221;full&#8221;][\/vc_column][vc_column width=&#8221;1\/3&#8243;][vc_column_text]Zgjidhja m\u00eb e keqe, q\u00ebndron pik\u00ebrisht n\u00eb fshehjen e historis\u00eb pas nj\u00eb strukture t\u00eb ngritur tashm\u00eb, ku ajo b\u00ebhet objekt dhe mohohet si vler\u00eb. Emmanuel Mounier Si p\u00ebrfundim : emri Mani i krahin\u00ebs, n\u00eb gadishullin e Peloponezit \u00ebsht\u00eb formuar nga gjuha pellazgo-shqipe, si gjuh\u00eb e besimit t\u00eb par\u00eb e njeriut europian&hellip;<\/p>\n<\/div>\n\t\n<a href=\"https:\/\/rrenjettona.al\/index.php\/2018\/12\/25\/besimi-henor-mana\/\" class=\"post-details details-type-link\" aria-label=\"Read more about Besimi h\u00ebnor Mana\">Read more<i class=\"dt-icon-the7-arrow-03\" aria-hidden=\"true\"><\/i><\/a>\n\n<\/div><\/article><\/div>[\/vc_column][\/vc_row]<\/p>\n<\/div>","protected":false},"excerpt":{"rendered":"<p>[vc_row][vc_column][\/vc_column][\/vc_row]<\/p>\n","protected":false},"author":3,"featured_media":0,"parent":438,"menu_order":0,"comment_status":"closed","ping_status":"closed","template":"","meta":{"footnotes":""},"class_list":["post-441","page","type-page","status-publish","hentry","description-off"],"_links":{"self":[{"href":"https:\/\/rrenjettona.al\/index.php\/wp-json\/wp\/v2\/pages\/441","targetHints":{"allow":["GET"]}}],"collection":[{"href":"https:\/\/rrenjettona.al\/index.php\/wp-json\/wp\/v2\/pages"}],"about":[{"href":"https:\/\/rrenjettona.al\/index.php\/wp-json\/wp\/v2\/types\/page"}],"author":[{"embeddable":true,"href":"https:\/\/rrenjettona.al\/index.php\/wp-json\/wp\/v2\/users\/3"}],"replies":[{"embeddable":true,"href":"https:\/\/rrenjettona.al\/index.php\/wp-json\/wp\/v2\/comments?post=441"}],"version-history":[{"count":2,"href":"https:\/\/rrenjettona.al\/index.php\/wp-json\/wp\/v2\/pages\/441\/revisions"}],"predecessor-version":[{"id":443,"href":"https:\/\/rrenjettona.al\/index.php\/wp-json\/wp\/v2\/pages\/441\/revisions\/443"}],"up":[{"embeddable":true,"href":"https:\/\/rrenjettona.al\/index.php\/wp-json\/wp\/v2\/pages\/438"}],"wp:attachment":[{"href":"https:\/\/rrenjettona.al\/index.php\/wp-json\/wp\/v2\/media?parent=441"}],"curies":[{"name":"wp","href":"https:\/\/api.w.org\/{rel}","templated":true}]}}