{"id":435,"date":"2019-01-22T14:26:00","date_gmt":"2019-01-22T14:26:00","guid":{"rendered":"https:\/\/rrenjettona.al\/?page_id=435"},"modified":"2019-01-22T14:26:00","modified_gmt":"2019-01-22T14:26:00","slug":"bashkohesi","status":"publish","type":"page","link":"https:\/\/rrenjettona.al\/index.php\/gjuhesi\/bashkohesi\/","title":{"rendered":"Bashkoh\u00ebsi"},"content":{"rendered":"<div class=\"wpb-content-wrapper\"><p>[vc_row][vc_column]<style type=\"text\/css\" data-type=\"the7_shortcodes-inline-css\">.blog-shortcode.blog-list-shortcode-id-70fbcd236ce3d9a231d0649a67e48baf.dividers-on.classic-layout-list article {\n  margin-top: 50px;\n  padding-top: 0;\n}\n.blog-shortcode.blog-list-shortcode-id-70fbcd236ce3d9a231d0649a67e48baf.dividers-on.classic-layout-list article:first-of-type {\n  margin-top: 0;\n  padding-top: 0;\n}\n.blog-shortcode.blog-list-shortcode-id-70fbcd236ce3d9a231d0649a67e48baf.classic-layout-list.mode-list .post-thumbnail-wrap {\n  width: 50%;\n}\n.blog-shortcode.blog-list-shortcode-id-70fbcd236ce3d9a231d0649a67e48baf.classic-layout-list.mode-list .post-entry-content {\n  width: calc(100% - 50%);\n}\n.blog-shortcode.blog-list-shortcode-id-70fbcd236ce3d9a231d0649a67e48baf.classic-layout-list.mode-list .no-img .post-entry-content {\n  width: 100%;\n}\n.blog-shortcode.blog-list-shortcode-id-70fbcd236ce3d9a231d0649a67e48baf .filter-bg-decoration .filter-categories a.act {\n  color: #fff;\n}\n.blog-shortcode.blog-list-shortcode-id-70fbcd236ce3d9a231d0649a67e48baf:not(.mode-masonry) article {\n  margin-top: 50px;\n}\n.blog-shortcode.blog-list-shortcode-id-70fbcd236ce3d9a231d0649a67e48baf:not(.mode-masonry) article:first-of-type,\n.blog-shortcode.blog-list-shortcode-id-70fbcd236ce3d9a231d0649a67e48baf:not(.mode-masonry) article.visible.first:not(.product) {\n  margin-top: 0;\n}\n.blog-shortcode.blog-list-shortcode-id-70fbcd236ce3d9a231d0649a67e48baf.dividers-on:not(.mode-masonry) article {\n  margin-top: 0;\n  padding-top: 50px;\n}\n.blog-shortcode.blog-list-shortcode-id-70fbcd236ce3d9a231d0649a67e48baf.dividers-on:not(.mode-masonry) article:first-of-type,\n.blog-shortcode.blog-list-shortcode-id-70fbcd236ce3d9a231d0649a67e48baf.dividers-on:not(.mode-masonry) article.visible.first:not(.product) {\n  margin-top: 0;\n  padding-top: 0;\n}\n.blog-shortcode.blog-list-shortcode-id-70fbcd236ce3d9a231d0649a67e48baf .post-thumbnail-wrap {\n  padding: 0px 0px 0px 0px;\n}\n.blog-shortcode.blog-list-shortcode-id-70fbcd236ce3d9a231d0649a67e48baf.enable-bg-rollover .post-thumbnail-rollover:after {\n  background: -webkit-linear-gradient();\n  background: linear-gradient();\n}\n.blog-shortcode.blog-list-shortcode-id-70fbcd236ce3d9a231d0649a67e48baf .gallery-zoom-ico {\n  width: 44px;\n  height: 44px;\n  line-height: 44px;\n  border-radius: 100px;\n  margin: -22px 0 0 -22px;\n  border-width: 0px;\n  color: #ffffff;\n}\n.bottom-overlap-layout-list.blog-shortcode.blog-list-shortcode-id-70fbcd236ce3d9a231d0649a67e48baf .gallery-zoom-ico {\n  margin-top: -22px;\n}\n.gradient-overlay-layout-list.blog-shortcode.blog-list-shortcode-id-70fbcd236ce3d9a231d0649a67e48baf .gallery-zoom-ico,\n.content-rollover-layout-list.blog-shortcode.blog-list-shortcode-id-70fbcd236ce3d9a231d0649a67e48baf .gallery-zoom-ico {\n  margin: 0 0 10px;\n}\n.content-align-center.gradient-overlay-layout-list.blog-shortcode.blog-list-shortcode-id-70fbcd236ce3d9a231d0649a67e48baf .gallery-zoom-ico,\n.content-align-center.content-rollover-layout-list.blog-shortcode.blog-list-shortcode-id-70fbcd236ce3d9a231d0649a67e48baf .gallery-zoom-ico {\n  margin: 0 auto 10px;\n}\n.dt-icon-bg-on.blog-shortcode.blog-list-shortcode-id-70fbcd236ce3d9a231d0649a67e48baf .gallery-zoom-ico {\n  background: rgba(255,255,255,0.3);\n  box-shadow: none;\n}\n.blog-shortcode.blog-list-shortcode-id-70fbcd236ce3d9a231d0649a67e48baf .gallery-zoom-ico > span,\n.blog-shortcode.blog-list-shortcode-id-70fbcd236ce3d9a231d0649a67e48baf .gallery-zoom-ico:before {\n  font-size: 32px;\n  line-height: 44px;\n}\n.blog-shortcode.blog-list-shortcode-id-70fbcd236ce3d9a231d0649a67e48baf .gallery-zoom-ico > span,\n.blog-shortcode.blog-list-shortcode-id-70fbcd236ce3d9a231d0649a67e48baf .gallery-zoom-ico:before {\n  color: #ffffff;\n}\n.blog-shortcode.blog-list-shortcode-id-70fbcd236ce3d9a231d0649a67e48baf .fancy-date a {\n  background: #ffffff;\n  box-shadow: none;\n}\n.blog-shortcode.blog-list-shortcode-id-70fbcd236ce3d9a231d0649a67e48baf .fancy-date a * {\n  color: #2d2d2d;\n}\n.blog-shortcode.blog-list-shortcode-id-70fbcd236ce3d9a231d0649a67e48baf .entry-title,\n.blog-shortcode.blog-list-shortcode-id-70fbcd236ce3d9a231d0649a67e48baf.owl-carousel .entry-title {\n  margin-bottom: 5px;\n  font-weight: bold;\n}\n.blog-shortcode.blog-list-shortcode-id-70fbcd236ce3d9a231d0649a67e48baf .entry-meta {\n  margin-bottom: 15px;\n}\n.blog-shortcode.blog-list-shortcode-id-70fbcd236ce3d9a231d0649a67e48baf .portfolio-categories {\n  margin-bottom: 15px;\n}\n.blog-shortcode.blog-list-shortcode-id-70fbcd236ce3d9a231d0649a67e48baf .entry-excerpt {\n  margin-bottom: 5px;\n}\n.blog-shortcode.blog-list-shortcode-id-70fbcd236ce3d9a231d0649a67e48baf:not(.centered-layout-list) .post-entry-content {\n  padding: 25px 30px 30px 30px;\n}\n.blog-shortcode.blog-list-shortcode-id-70fbcd236ce3d9a231d0649a67e48baf:not(.centered-layout-list):not(.content-bg-on):not(.mode-list) .no-img .post-entry-content {\n  padding: 0;\n}\n@media screen and (max-width: 768px) {\n  .blog-shortcode.blog-list-shortcode-id-70fbcd236ce3d9a231d0649a67e48baf article {\n    -ms-flex-flow: column nowrap;\n    flex-flow: column nowrap;\n    margin-top: 20px;\n  }\n  .blog-shortcode.blog-list-shortcode-id-70fbcd236ce3d9a231d0649a67e48baf.dividers-on article {\n    border: none;\n  }\n  .blog-shortcode.blog-list-shortcode-id-70fbcd236ce3d9a231d0649a67e48baf.content-bg-on.centered-layout-list article {\n    padding: 0;\n  }\n  .blog-shortcode.blog-list-shortcode-id-70fbcd236ce3d9a231d0649a67e48baf.blog-shortcode.dividers-on article,\n  .blog-shortcode.blog-list-shortcode-id-70fbcd236ce3d9a231d0649a67e48baf.dividers-on.classic-layout-list article {\n    margin-top: 20px;\n    padding: 0;\n  }\n  .blog-shortcode.blog-list-shortcode-id-70fbcd236ce3d9a231d0649a67e48baf.blog-shortcode.dividers-on article:first-of-type,\n  .blog-shortcode.blog-list-shortcode-id-70fbcd236ce3d9a231d0649a67e48baf.dividers-on.classic-layout-list article:first-of-type {\n    padding: 0;\n  }\n  #page .blog-shortcode.blog-list-shortcode-id-70fbcd236ce3d9a231d0649a67e48baf .post-thumbnail-wrap,\n  #page .blog-shortcode.blog-list-shortcode-id-70fbcd236ce3d9a231d0649a67e48baf .post-entry-content {\n    width: 100%;\n    margin: 0;\n    top: 0;\n  }\n  #page .blog-shortcode.blog-list-shortcode-id-70fbcd236ce3d9a231d0649a67e48baf .post-thumbnail-wrap {\n    padding: 0;\n  }\n  #page .blog-shortcode.blog-list-shortcode-id-70fbcd236ce3d9a231d0649a67e48baf .post-entry-content:after {\n    display: none;\n  }\n  #page .blog-shortcode.blog-list-shortcode-id-70fbcd236ce3d9a231d0649a67e48baf .project-even .post-thumbnail-wrap,\n  #page .blog-shortcode.blog-list-shortcode-id-70fbcd236ce3d9a231d0649a67e48baf.centered-layout-list .post-thumbnail-wrap {\n    -ms-flex-order: 0;\n    order: 0;\n  }\n  #page .blog-shortcode.blog-list-shortcode-id-70fbcd236ce3d9a231d0649a67e48baf.centered-layout-list .post-entry-title-content {\n    -ms-flex-order: 1;\n    order: 1;\n    width: 100%;\n    padding: 20px 20px 0;\n  }\n  #page .blog-shortcode.blog-list-shortcode-id-70fbcd236ce3d9a231d0649a67e48baf.centered-layout-list .post-entry-content {\n    -ms-flex-order: 2;\n    order: 2;\n    padding-top: 0;\n  }\n  #page .blog-shortcode.blog-list-shortcode-id-70fbcd236ce3d9a231d0649a67e48baf .fancy-categories {\n    top: 10px;\n    left: 10px;\n    bottom: auto;\n    right: auto;\n  }\n  #page .blog-shortcode.blog-list-shortcode-id-70fbcd236ce3d9a231d0649a67e48baf .fancy-date a {\n    top: 10px;\n    right: 10px;\n    left: auto;\n    bottom: auto;\n  }\n  #page .blog-shortcode.blog-list-shortcode-id-70fbcd236ce3d9a231d0649a67e48baf .post-entry-content {\n    padding: 20px;\n  }\n  #page .blog-shortcode.blog-list-shortcode-id-70fbcd236ce3d9a231d0649a67e48baf .entry-title {\n    margin: 3px 0 5px;\n    font-size: 20px;\n    line-height: 26px;\n  }\n  #page .blog-shortcode.blog-list-shortcode-id-70fbcd236ce3d9a231d0649a67e48baf .entry-meta {\n    margin: 5px 0 5px;\n  }\n  #page .blog-shortcode.blog-list-shortcode-id-70fbcd236ce3d9a231d0649a67e48baf .entry-excerpt {\n    margin: 15px 0 0;\n  }\n  #page .blog-shortcode.blog-list-shortcode-id-70fbcd236ce3d9a231d0649a67e48baf .post-details {\n    margin: 5px 0 10px;\n  }\n  #page .blog-shortcode.blog-list-shortcode-id-70fbcd236ce3d9a231d0649a67e48baf .post-details.details-type-link {\n    margin-bottom: 2px;\n  }\n}\n<\/style><div class=\"articles-list blog-shortcode mode-list blog-list-shortcode-id-70fbcd236ce3d9a231d0649a67e48baf classic-layout-list content-bg-on jquery-filter scale-img dt-icon-bg-off loading-effect-fade-in\" data-cur-page=\"1\" data-post-limit=\"-1\" data-pagination-mode=\"none\"><article class=\"post project-odd visible no-img post-1175 type-post status-publish format-standard hentry category-bashkekohore category-bashkohesi category-gjuhesi category-historigrafi tag-akademia-alternative-shkencore-rrenjet-tona tag-konferenca-e-paqes-ne-paris tag-kufijte-shqiptare tag-luftrave-ballkanike tag-studiues tag-tirane tag-traktati-i-fshehte-i-londres category-15 category-19 category-16 category-11 description-off\" data-name=\"REFERATET DHE KUMTESAT E MBAJTURA N\u00cb KUVEND ME RASTIN E 100 VJETORIT T\u00cb KONGRESIT T\u00cb LUSHNJES \/ BAZAT E SHTETIT MODERN SHQIPTAR &#8211; Dr. Ing. Stefan PINGULI\" data-date=\"2020-02-21T15:32:02+00:00\">\n\n<div class=\"post-entry-content\">\n\n\t<h3 class=\"entry-title\">\n\t\t<a href=\"https:\/\/rrenjettona.al\/index.php\/2020\/02\/21\/referatet-dhe-kumtesat-e-mbajtura-ne-kuvend-me-rastin-e-100-vjetorit-te-kongresit-te-lushnjes-bazat-e-shtetit-modern-shqiptar-dr-ing-stefan-pinguli\/\" title=\"REFERATET DHE KUMTESAT E MBAJTURA N\u00cb KUVEND ME RASTIN E 100 VJETORIT T\u00cb KONGRESIT T\u00cb LUSHNJES \/ BAZAT E SHTETIT MODERN SHQIPTAR &#8211; Dr. Ing. Stefan PINGULI\" rel=\"bookmark\">REFERATET DHE KUMTESAT E MBAJTURA N\u00cb KUVEND ME RASTIN E 100 VJETORIT T\u00cb KONGRESIT T\u00cb LUSHNJES \/ BAZAT E SHTETIT MODERN SHQIPTAR &#8211; Dr. Ing. Stefan PINGULI<\/a>\n\t<\/h3>\n\n\t<div class=\"entry-meta\"><span class=\"category-link\"><a href=\"https:\/\/rrenjettona.al\/index.php\/category\/historigrafi\/bashkekohore\/\" >Bashkekohore<\/a>, <a href=\"https:\/\/rrenjettona.al\/index.php\/category\/gjuhesi\/bashkohesi\/\" >Bashkoh\u00ebsi<\/a>, <a href=\"https:\/\/rrenjettona.al\/index.php\/category\/gjuhesi\/\" >GJUHESI<\/a>, <a href=\"https:\/\/rrenjettona.al\/index.php\/category\/historigrafi\/\" >HISTORIGRAFI<\/a><\/span><a class=\"author vcard\" href=\"https:\/\/rrenjettona.al\/index.php\/author\/rrenjet\/\" title=\"View all posts by rrenjet\" rel=\"author\">By <span class=\"fn\">rrenjet<\/span><\/a><a href=\"https:\/\/rrenjettona.al\/index.php\/2020\/02\/21\/\" title=\"3:32 pm\" class=\"data-link\" rel=\"bookmark\"><time class=\"entry-date updated\" datetime=\"2020-02-21T15:32:02+00:00\">February 21, 2020<\/time><\/a><\/div>\n\t<div class=\"entry-excerpt\"><p>KONGRESI I LUSHNJES \u2013BAZAT E SHTETIT MODERN SHQIPTAR Dr. Ing. Stefan PINGULI* \u00a0 P\u00cbRMBLEDHJE Kongresi i Lushnjes \u00ebsht\u00eb nj\u00eb nga ngjarjet m\u00eb t\u00eb m\u00ebdha historike t\u00eb Kombit shqiptar, i cili arriti tre objektiva madhore: kushtetoi kufijt\u00eb shqiptar\u00eb n\u00ebp\u00ebrmjet aktit t\u00eb pavar\u00ebsimit t\u00eb plot\u00eb t\u00eb tyre, zgjodhi qeverin\u00eb me k\u00ebshillin e lart\u00eb prej 4 an\u00ebtar\u00ebsh dhe&hellip;<\/p>\n<\/div>\n\t\n<a href=\"https:\/\/rrenjettona.al\/index.php\/2020\/02\/21\/referatet-dhe-kumtesat-e-mbajtura-ne-kuvend-me-rastin-e-100-vjetorit-te-kongresit-te-lushnjes-bazat-e-shtetit-modern-shqiptar-dr-ing-stefan-pinguli\/\" class=\"post-details details-type-link\" aria-label=\"Read more about REFERATET DHE KUMTESAT E MBAJTURA N\u00cb KUVEND ME RASTIN E 100 VJETORIT T\u00cb KONGRESIT T\u00cb LUSHNJES \/ BAZAT E SHTETIT MODERN SHQIPTAR &#8211; Dr. Ing. Stefan PINGULI\">Read more<i class=\"dt-icon-the7-arrow-03\" aria-hidden=\"true\"><\/i><\/a>\n\n<\/div><\/article><article class=\"post project-odd visible no-img post-642 type-post status-publish format-standard hentry category-bashkohesi category-19 description-off\" data-name=\"Lidhja pellazgo- iliro- shqiptare n\u00eb studimet e gjuh\u00ebtar\u00ebve dhe historian\u00ebve gjerman t\u00eb shekullit t\u00eb kaluar\" data-date=\"2019-07-31T17:51:45+00:00\">\n\n<div class=\"post-entry-content\">\n\n\t<h3 class=\"entry-title\">\n\t\t<a href=\"https:\/\/rrenjettona.al\/index.php\/2019\/07\/31\/lidhja-pellazgo-iliro-shqiptare-ne-studimet-e-gjuhetareve-dhe-historianeve-gjerman-te-shekullit-te-kaluar\/\" title=\"Lidhja pellazgo- iliro- shqiptare n\u00eb studimet e gjuh\u00ebtar\u00ebve dhe historian\u00ebve gjerman t\u00eb shekullit t\u00eb kaluar\" rel=\"bookmark\">Lidhja pellazgo- iliro- shqiptare n\u00eb studimet e gjuh\u00ebtar\u00ebve dhe historian\u00ebve gjerman t\u00eb shekullit t\u00eb kaluar<\/a>\n\t<\/h3>\n\n\t<div class=\"entry-meta\"><span class=\"category-link\"><a href=\"https:\/\/rrenjettona.al\/index.php\/category\/gjuhesi\/bashkohesi\/\" >Bashkoh\u00ebsi<\/a><\/span><a class=\"author vcard\" href=\"https:\/\/rrenjettona.al\/index.php\/author\/rrenjet\/\" title=\"View all posts by rrenjet\" rel=\"author\">By <span class=\"fn\">rrenjet<\/span><\/a><a href=\"https:\/\/rrenjettona.al\/index.php\/2019\/07\/31\/\" title=\"5:51 pm\" class=\"data-link\" rel=\"bookmark\"><time class=\"entry-date updated\" datetime=\"2019-07-31T17:51:45+00:00\">July 31, 2019<\/time><\/a><\/div>\n\t<div class=\"entry-excerpt\"><p>[vc_row][vc_column width=&#8221;1\/3&#8243;][vc_single_image image=&#8221;643&#8243; img_size=&#8221;full&#8221;][\/vc_column][vc_column width=&#8221;1\/3&#8243;][vc_column_text][\/vc_column_text][\/vc_column][vc_column width=&#8221;1\/3&#8243;][vc_column_text]Fusha: Gjuh\u00ebsi Periudha : Bashkoh\u00ebsi Autori : Ma. Shpresa MUSAJ[\/vc_column_text][\/vc_column][\/vc_row]<\/p>\n<\/div>\n\t\n<a href=\"https:\/\/rrenjettona.al\/index.php\/2019\/07\/31\/lidhja-pellazgo-iliro-shqiptare-ne-studimet-e-gjuhetareve-dhe-historianeve-gjerman-te-shekullit-te-kaluar\/\" class=\"post-details details-type-link\" aria-label=\"Read more about Lidhja pellazgo- iliro- shqiptare n\u00eb studimet e gjuh\u00ebtar\u00ebve dhe historian\u00ebve gjerman t\u00eb shekullit t\u00eb kaluar\">Read more<i class=\"dt-icon-the7-arrow-03\" aria-hidden=\"true\"><\/i><\/a>\n\n<\/div><\/article><article class=\"post project-odd visible no-img post-598 type-post status-publish format-standard hentry category-bashkohesi category-19 description-off\" data-name=\"Kanuni, t\u00ebrmeti rr\u00ebnues dhe romani i Kadares\u00eb &#8220;Prilli i Thyer&#8221;\" data-date=\"2019-07-23T15:42:38+00:00\">\n\n<div class=\"post-entry-content\">\n\n\t<h3 class=\"entry-title\">\n\t\t<a href=\"https:\/\/rrenjettona.al\/index.php\/2019\/07\/23\/kanuni-termeti-rrenues-dhe-romani-i-kadarese-prilli-i-thyer\/\" title=\"Kanuni, t\u00ebrmeti rr\u00ebnues dhe romani i Kadares\u00eb &#8220;Prilli i Thyer&#8221;\" rel=\"bookmark\">Kanuni, t\u00ebrmeti rr\u00ebnues dhe romani i Kadares\u00eb &#8220;Prilli i Thyer&#8221;<\/a>\n\t<\/h3>\n\n\t<div class=\"entry-meta\"><span class=\"category-link\"><a href=\"https:\/\/rrenjettona.al\/index.php\/category\/gjuhesi\/bashkohesi\/\" >Bashkoh\u00ebsi<\/a><\/span><a class=\"author vcard\" href=\"https:\/\/rrenjettona.al\/index.php\/author\/rrenjet\/\" title=\"View all posts by rrenjet\" rel=\"author\">By <span class=\"fn\">rrenjet<\/span><\/a><a href=\"https:\/\/rrenjettona.al\/index.php\/2019\/07\/23\/\" title=\"3:42 pm\" class=\"data-link\" rel=\"bookmark\"><time class=\"entry-date updated\" datetime=\"2019-07-23T15:42:38+00:00\">July 23, 2019<\/time><\/a><\/div>\n\t<div class=\"entry-excerpt\"><p>[vc_row][vc_column width=&#8221;1\/3&#8243;][vc_single_image image=&#8221;599&#8243; img_size=&#8221;full&#8221;][\/vc_column][vc_column width=&#8221;1\/3&#8243;][vc_column_text]Fjal\u00eb Ky\u00e7e: kanuni, t\u00ebrmeti rrenues, romani i kadares\u00eb, prilli i thyer, jet\u00ebt, fatet njer\u00ebzore, gjak, farefis.[\/vc_column_text][\/vc_column][vc_column width=&#8221;1\/3&#8243;][vc_column_text]Fusha: Gjuh\u00ebsi Periudha : Bashkoh\u00ebsi Autori : Mehmet ELEZI[\/vc_column_text][\/vc_column][\/vc_row]<\/p>\n<\/div>\n\t\n<a href=\"https:\/\/rrenjettona.al\/index.php\/2019\/07\/23\/kanuni-termeti-rrenues-dhe-romani-i-kadarese-prilli-i-thyer\/\" class=\"post-details details-type-link\" aria-label=\"Read more about Kanuni, t\u00ebrmeti rr\u00ebnues dhe romani i Kadares\u00eb &#8220;Prilli i Thyer&#8221;\">Read more<i class=\"dt-icon-the7-arrow-03\" aria-hidden=\"true\"><\/i><\/a>\n\n<\/div><\/article><\/div>[\/vc_column][\/vc_row]<\/p>\n<\/div>","protected":false},"excerpt":{"rendered":"<p>[vc_row][vc_column][\/vc_column][\/vc_row]<\/p>\n","protected":false},"author":3,"featured_media":0,"parent":426,"menu_order":0,"comment_status":"closed","ping_status":"closed","template":"","meta":{"footnotes":""},"class_list":["post-435","page","type-page","status-publish","hentry","description-off"],"_links":{"self":[{"href":"https:\/\/rrenjettona.al\/index.php\/wp-json\/wp\/v2\/pages\/435","targetHints":{"allow":["GET"]}}],"collection":[{"href":"https:\/\/rrenjettona.al\/index.php\/wp-json\/wp\/v2\/pages"}],"about":[{"href":"https:\/\/rrenjettona.al\/index.php\/wp-json\/wp\/v2\/types\/page"}],"author":[{"embeddable":true,"href":"https:\/\/rrenjettona.al\/index.php\/wp-json\/wp\/v2\/users\/3"}],"replies":[{"embeddable":true,"href":"https:\/\/rrenjettona.al\/index.php\/wp-json\/wp\/v2\/comments?post=435"}],"version-history":[{"count":1,"href":"https:\/\/rrenjettona.al\/index.php\/wp-json\/wp\/v2\/pages\/435\/revisions"}],"predecessor-version":[{"id":436,"href":"https:\/\/rrenjettona.al\/index.php\/wp-json\/wp\/v2\/pages\/435\/revisions\/436"}],"up":[{"embeddable":true,"href":"https:\/\/rrenjettona.al\/index.php\/wp-json\/wp\/v2\/pages\/426"}],"wp:attachment":[{"href":"https:\/\/rrenjettona.al\/index.php\/wp-json\/wp\/v2\/media?parent=435"}],"curies":[{"name":"wp","href":"https:\/\/api.w.org\/{rel}","templated":true}]}}