{"id":420,"date":"2019-01-22T14:17:21","date_gmt":"2019-01-22T14:17:21","guid":{"rendered":"https:\/\/rrenjettona.al\/?page_id=420"},"modified":"2019-01-22T14:17:21","modified_gmt":"2019-01-22T14:17:21","slug":"mesjete","status":"publish","type":"page","link":"https:\/\/rrenjettona.al\/index.php\/historigrafi\/mesjete\/","title":{"rendered":"Mesjet\u00eb"},"content":{"rendered":"<div class=\"wpb-content-wrapper\"><p>[vc_row][vc_column]<style type=\"text\/css\" data-type=\"the7_shortcodes-inline-css\">.blog-shortcode.blog-list-shortcode-id-7c7b047e85b93d8390fcf2c3caaa8112.dividers-on.classic-layout-list article {\n  margin-top: 50px;\n  padding-top: 0;\n}\n.blog-shortcode.blog-list-shortcode-id-7c7b047e85b93d8390fcf2c3caaa8112.dividers-on.classic-layout-list article:first-of-type {\n  margin-top: 0;\n  padding-top: 0;\n}\n.blog-shortcode.blog-list-shortcode-id-7c7b047e85b93d8390fcf2c3caaa8112.classic-layout-list.mode-list .post-thumbnail-wrap {\n  width: 50%;\n}\n.blog-shortcode.blog-list-shortcode-id-7c7b047e85b93d8390fcf2c3caaa8112.classic-layout-list.mode-list .post-entry-content {\n  width: calc(100% - 50%);\n}\n.blog-shortcode.blog-list-shortcode-id-7c7b047e85b93d8390fcf2c3caaa8112.classic-layout-list.mode-list .no-img .post-entry-content {\n  width: 100%;\n}\n.blog-shortcode.blog-list-shortcode-id-7c7b047e85b93d8390fcf2c3caaa8112 .filter-bg-decoration .filter-categories a.act {\n  color: #fff;\n}\n.blog-shortcode.blog-list-shortcode-id-7c7b047e85b93d8390fcf2c3caaa8112:not(.mode-masonry) article {\n  margin-top: 50px;\n}\n.blog-shortcode.blog-list-shortcode-id-7c7b047e85b93d8390fcf2c3caaa8112:not(.mode-masonry) article:first-of-type,\n.blog-shortcode.blog-list-shortcode-id-7c7b047e85b93d8390fcf2c3caaa8112:not(.mode-masonry) article.visible.first:not(.product) {\n  margin-top: 0;\n}\n.blog-shortcode.blog-list-shortcode-id-7c7b047e85b93d8390fcf2c3caaa8112.dividers-on:not(.mode-masonry) article {\n  margin-top: 0;\n  padding-top: 50px;\n}\n.blog-shortcode.blog-list-shortcode-id-7c7b047e85b93d8390fcf2c3caaa8112.dividers-on:not(.mode-masonry) article:first-of-type,\n.blog-shortcode.blog-list-shortcode-id-7c7b047e85b93d8390fcf2c3caaa8112.dividers-on:not(.mode-masonry) article.visible.first:not(.product) {\n  margin-top: 0;\n  padding-top: 0;\n}\n.blog-shortcode.blog-list-shortcode-id-7c7b047e85b93d8390fcf2c3caaa8112 .post-thumbnail-wrap {\n  padding: 0px 0px 0px 0px;\n}\n.blog-shortcode.blog-list-shortcode-id-7c7b047e85b93d8390fcf2c3caaa8112.enable-bg-rollover .post-thumbnail-rollover:after {\n  background: -webkit-linear-gradient();\n  background: linear-gradient();\n}\n.blog-shortcode.blog-list-shortcode-id-7c7b047e85b93d8390fcf2c3caaa8112 .gallery-zoom-ico {\n  width: 44px;\n  height: 44px;\n  line-height: 44px;\n  border-radius: 100px;\n  margin: -22px 0 0 -22px;\n  border-width: 0px;\n  color: #ffffff;\n}\n.bottom-overlap-layout-list.blog-shortcode.blog-list-shortcode-id-7c7b047e85b93d8390fcf2c3caaa8112 .gallery-zoom-ico {\n  margin-top: -22px;\n}\n.gradient-overlay-layout-list.blog-shortcode.blog-list-shortcode-id-7c7b047e85b93d8390fcf2c3caaa8112 .gallery-zoom-ico,\n.content-rollover-layout-list.blog-shortcode.blog-list-shortcode-id-7c7b047e85b93d8390fcf2c3caaa8112 .gallery-zoom-ico {\n  margin: 0 0 10px;\n}\n.content-align-center.gradient-overlay-layout-list.blog-shortcode.blog-list-shortcode-id-7c7b047e85b93d8390fcf2c3caaa8112 .gallery-zoom-ico,\n.content-align-center.content-rollover-layout-list.blog-shortcode.blog-list-shortcode-id-7c7b047e85b93d8390fcf2c3caaa8112 .gallery-zoom-ico {\n  margin: 0 auto 10px;\n}\n.dt-icon-bg-on.blog-shortcode.blog-list-shortcode-id-7c7b047e85b93d8390fcf2c3caaa8112 .gallery-zoom-ico {\n  background: rgba(255,255,255,0.3);\n  box-shadow: none;\n}\n.blog-shortcode.blog-list-shortcode-id-7c7b047e85b93d8390fcf2c3caaa8112 .gallery-zoom-ico > span,\n.blog-shortcode.blog-list-shortcode-id-7c7b047e85b93d8390fcf2c3caaa8112 .gallery-zoom-ico:before {\n  font-size: 32px;\n  line-height: 44px;\n}\n.blog-shortcode.blog-list-shortcode-id-7c7b047e85b93d8390fcf2c3caaa8112 .gallery-zoom-ico > span,\n.blog-shortcode.blog-list-shortcode-id-7c7b047e85b93d8390fcf2c3caaa8112 .gallery-zoom-ico:before {\n  color: #ffffff;\n}\n.blog-shortcode.blog-list-shortcode-id-7c7b047e85b93d8390fcf2c3caaa8112 .fancy-date a {\n  background: #ffffff;\n  box-shadow: none;\n}\n.blog-shortcode.blog-list-shortcode-id-7c7b047e85b93d8390fcf2c3caaa8112 .fancy-date a * {\n  color: #2d2d2d;\n}\n.blog-shortcode.blog-list-shortcode-id-7c7b047e85b93d8390fcf2c3caaa8112 .entry-title,\n.blog-shortcode.blog-list-shortcode-id-7c7b047e85b93d8390fcf2c3caaa8112.owl-carousel .entry-title {\n  margin-bottom: 5px;\n  font-weight: bold;\n}\n.blog-shortcode.blog-list-shortcode-id-7c7b047e85b93d8390fcf2c3caaa8112 .entry-meta {\n  margin-bottom: 15px;\n}\n.blog-shortcode.blog-list-shortcode-id-7c7b047e85b93d8390fcf2c3caaa8112 .portfolio-categories {\n  margin-bottom: 15px;\n}\n.blog-shortcode.blog-list-shortcode-id-7c7b047e85b93d8390fcf2c3caaa8112 .entry-excerpt {\n  margin-bottom: 5px;\n}\n.blog-shortcode.blog-list-shortcode-id-7c7b047e85b93d8390fcf2c3caaa8112:not(.centered-layout-list) .post-entry-content {\n  padding: 25px 30px 30px 30px;\n}\n.blog-shortcode.blog-list-shortcode-id-7c7b047e85b93d8390fcf2c3caaa8112:not(.centered-layout-list):not(.content-bg-on):not(.mode-list) .no-img .post-entry-content {\n  padding: 0;\n}\n@media screen and (max-width: 768px) {\n  .blog-shortcode.blog-list-shortcode-id-7c7b047e85b93d8390fcf2c3caaa8112 article {\n    -ms-flex-flow: column nowrap;\n    flex-flow: column nowrap;\n    margin-top: 20px;\n  }\n  .blog-shortcode.blog-list-shortcode-id-7c7b047e85b93d8390fcf2c3caaa8112.dividers-on article {\n    border: none;\n  }\n  .blog-shortcode.blog-list-shortcode-id-7c7b047e85b93d8390fcf2c3caaa8112.content-bg-on.centered-layout-list article {\n    padding: 0;\n  }\n  .blog-shortcode.blog-list-shortcode-id-7c7b047e85b93d8390fcf2c3caaa8112.blog-shortcode.dividers-on article,\n  .blog-shortcode.blog-list-shortcode-id-7c7b047e85b93d8390fcf2c3caaa8112.dividers-on.classic-layout-list article {\n    margin-top: 20px;\n    padding: 0;\n  }\n  .blog-shortcode.blog-list-shortcode-id-7c7b047e85b93d8390fcf2c3caaa8112.blog-shortcode.dividers-on article:first-of-type,\n  .blog-shortcode.blog-list-shortcode-id-7c7b047e85b93d8390fcf2c3caaa8112.dividers-on.classic-layout-list article:first-of-type {\n    padding: 0;\n  }\n  #page .blog-shortcode.blog-list-shortcode-id-7c7b047e85b93d8390fcf2c3caaa8112 .post-thumbnail-wrap,\n  #page .blog-shortcode.blog-list-shortcode-id-7c7b047e85b93d8390fcf2c3caaa8112 .post-entry-content {\n    width: 100%;\n    margin: 0;\n    top: 0;\n  }\n  #page .blog-shortcode.blog-list-shortcode-id-7c7b047e85b93d8390fcf2c3caaa8112 .post-thumbnail-wrap {\n    padding: 0;\n  }\n  #page .blog-shortcode.blog-list-shortcode-id-7c7b047e85b93d8390fcf2c3caaa8112 .post-entry-content:after {\n    display: none;\n  }\n  #page .blog-shortcode.blog-list-shortcode-id-7c7b047e85b93d8390fcf2c3caaa8112 .project-even .post-thumbnail-wrap,\n  #page .blog-shortcode.blog-list-shortcode-id-7c7b047e85b93d8390fcf2c3caaa8112.centered-layout-list .post-thumbnail-wrap {\n    -ms-flex-order: 0;\n    order: 0;\n  }\n  #page .blog-shortcode.blog-list-shortcode-id-7c7b047e85b93d8390fcf2c3caaa8112.centered-layout-list .post-entry-title-content {\n    -ms-flex-order: 1;\n    order: 1;\n    width: 100%;\n    padding: 20px 20px 0;\n  }\n  #page .blog-shortcode.blog-list-shortcode-id-7c7b047e85b93d8390fcf2c3caaa8112.centered-layout-list .post-entry-content {\n    -ms-flex-order: 2;\n    order: 2;\n    padding-top: 0;\n  }\n  #page .blog-shortcode.blog-list-shortcode-id-7c7b047e85b93d8390fcf2c3caaa8112 .fancy-categories {\n    top: 10px;\n    left: 10px;\n    bottom: auto;\n    right: auto;\n  }\n  #page .blog-shortcode.blog-list-shortcode-id-7c7b047e85b93d8390fcf2c3caaa8112 .fancy-date a {\n    top: 10px;\n    right: 10px;\n    left: auto;\n    bottom: auto;\n  }\n  #page .blog-shortcode.blog-list-shortcode-id-7c7b047e85b93d8390fcf2c3caaa8112 .post-entry-content {\n    padding: 20px;\n  }\n  #page .blog-shortcode.blog-list-shortcode-id-7c7b047e85b93d8390fcf2c3caaa8112 .entry-title {\n    margin: 3px 0 5px;\n    font-size: 20px;\n    line-height: 26px;\n  }\n  #page .blog-shortcode.blog-list-shortcode-id-7c7b047e85b93d8390fcf2c3caaa8112 .entry-meta {\n    margin: 5px 0 5px;\n  }\n  #page .blog-shortcode.blog-list-shortcode-id-7c7b047e85b93d8390fcf2c3caaa8112 .entry-excerpt {\n    margin: 15px 0 0;\n  }\n  #page .blog-shortcode.blog-list-shortcode-id-7c7b047e85b93d8390fcf2c3caaa8112 .post-details {\n    margin: 5px 0 10px;\n  }\n  #page .blog-shortcode.blog-list-shortcode-id-7c7b047e85b93d8390fcf2c3caaa8112 .post-details.details-type-link {\n    margin-bottom: 2px;\n  }\n}\n<\/style><div class=\"articles-list blog-shortcode mode-list blog-list-shortcode-id-7c7b047e85b93d8390fcf2c3caaa8112 classic-layout-list content-bg-on jquery-filter scale-img dt-icon-bg-off loading-effect-fade-in\" data-cur-page=\"1\" data-post-limit=\"-1\" data-pagination-mode=\"none\"><article class=\"post project-odd visible no-img post-949 type-post status-publish format-standard hentry category-historigrafi category-mesjete category-11 category-14 description-off\" data-name=\"Varri i harruar i motr\u00ebs s\u00eb Sk\u00ebnderbeut, gruas s\u00eb mbretit t\u00eb Zet\u00ebs\" data-date=\"2019-09-04T13:52:18+00:00\">\n\n<div class=\"post-entry-content\">\n\n\t<h3 class=\"entry-title\">\n\t\t<a href=\"https:\/\/rrenjettona.al\/index.php\/2019\/09\/04\/varri-i-harruar-i-motres-se-skenderbeut-gruas-se-mbretit-te-zetes\/\" title=\"Varri i harruar i motr\u00ebs s\u00eb Sk\u00ebnderbeut, gruas s\u00eb mbretit t\u00eb Zet\u00ebs\" rel=\"bookmark\">Varri i harruar i motr\u00ebs s\u00eb Sk\u00ebnderbeut, gruas s\u00eb mbretit t\u00eb Zet\u00ebs<\/a>\n\t<\/h3>\n\n\t<div class=\"entry-meta\"><span class=\"category-link\"><a href=\"https:\/\/rrenjettona.al\/index.php\/category\/historigrafi\/\" >HISTORIGRAFI<\/a>, <a href=\"https:\/\/rrenjettona.al\/index.php\/category\/historigrafi\/mesjete\/\" >Mesjete<\/a><\/span><a class=\"author vcard\" href=\"https:\/\/rrenjettona.al\/index.php\/author\/rrenjet\/\" title=\"View all posts by rrenjet\" rel=\"author\">By <span class=\"fn\">rrenjet<\/span><\/a><a href=\"https:\/\/rrenjettona.al\/index.php\/2019\/09\/04\/\" title=\"1:52 pm\" class=\"data-link\" rel=\"bookmark\"><time class=\"entry-date updated\" datetime=\"2019-09-04T13:52:18+00:00\">September 4, 2019<\/time><\/a><\/div>\n\t<div class=\"entry-excerpt\"><p>[vc_row][vc_column width=&#8221;1\/3&#8243;][vc_single_image image=&#8221;950&#8243; img_size=&#8221;full&#8221;][\/vc_column][vc_column width=&#8221;1\/3&#8243;][vc_column_text]Fjal\u00eb ky\u00e7: varrit t\u00eb motr\u00ebs s\u00eb Sk\u00ebnderbeut, ishulli Kom[\/vc_column_text][\/vc_column][vc_column width=&#8221;1\/3&#8243;][vc_column_text]Fusha: Histori Periudha : Mesjet\u00eb Autori : Sami FLAMURI[\/vc_column_text][\/vc_column][\/vc_row]<\/p>\n<\/div>\n\t\n<a href=\"https:\/\/rrenjettona.al\/index.php\/2019\/09\/04\/varri-i-harruar-i-motres-se-skenderbeut-gruas-se-mbretit-te-zetes\/\" class=\"post-details details-type-link\" aria-label=\"Read more about Varri i harruar i motr\u00ebs s\u00eb Sk\u00ebnderbeut, gruas s\u00eb mbretit t\u00eb Zet\u00ebs\">Read more<i class=\"dt-icon-the7-arrow-03\" aria-hidden=\"true\"><\/i><\/a>\n\n<\/div><\/article><article class=\"post project-odd visible no-img post-63 type-post status-publish format-standard hentry category-mesjete category-14 description-off\" data-name=\"\u201cSK\u00cbNDERBEU\u201d  N\u00ebn \u201cPsikanaliz\u00ebn e Argumentit-fakt\u201d\" data-date=\"2018-12-14T16:09:27+00:00\">\n\n<div class=\"post-entry-content\">\n\n\t<h3 class=\"entry-title\">\n\t\t<a href=\"https:\/\/rrenjettona.al\/index.php\/2018\/12\/14\/skenderbeu-nen-psikanalizen-e-argumentit-fakt\/\" title=\"\u201cSK\u00cbNDERBEU\u201d  N\u00ebn \u201cPsikanaliz\u00ebn e Argumentit-fakt\u201d\" rel=\"bookmark\">\u201cSK\u00cbNDERBEU\u201d  N\u00ebn \u201cPsikanaliz\u00ebn e Argumentit-fakt\u201d<\/a>\n\t<\/h3>\n\n\t<div class=\"entry-meta\"><span class=\"category-link\"><a href=\"https:\/\/rrenjettona.al\/index.php\/category\/historigrafi\/mesjete\/\" >Mesjete<\/a><\/span><a class=\"author vcard\" href=\"https:\/\/rrenjettona.al\/index.php\/author\/admin\/\" title=\"View all posts by admin\" rel=\"author\">By <span class=\"fn\">admin<\/span><\/a><a href=\"https:\/\/rrenjettona.al\/index.php\/2018\/12\/14\/\" title=\"4:09 pm\" class=\"data-link\" rel=\"bookmark\"><time class=\"entry-date updated\" datetime=\"2018-12-14T16:09:27+00:00\">December 14, 2018<\/time><\/a><\/div>\n\t<div class=\"entry-excerpt\"><p>[vc_row][vc_column width=&#8221;1\/3&#8243;][vc_single_image image=&#8221;87&#8243; img_size=&#8221;full&#8221;][\/vc_column][vc_column width=&#8221;1\/3&#8243;][vc_column_text] B\u00ebjm\u00eb me dije se kjo metodik\u00eb merret me zb\u00ebrthimin e nj\u00eb fakti\u00a0 q\u00eb ekziston jasht\u00eb inisiativave apo d\u00eb-shirave subjektive . Ky zb\u00ebrthim argumenton arsyen e ekzistenc\u00ebs s\u00eb faktit t\u00eb perceptuesh\u00ebm. Ja cilat jan\u00eb Faktet q\u00eb vijn\u00eb jasht\u00eb d\u00ebshirave tona mbi k\u00ebt\u00eb figur\u00eb: P\u00ebrkrenarja e tij dhe shpata q\u00eb jan\u00eb t\u00eb&hellip;<\/p>\n<\/div>\n\t\n<a href=\"https:\/\/rrenjettona.al\/index.php\/2018\/12\/14\/skenderbeu-nen-psikanalizen-e-argumentit-fakt\/\" class=\"post-details details-type-link\" aria-label=\"Read more about \u201cSK\u00cbNDERBEU\u201d  N\u00ebn \u201cPsikanaliz\u00ebn e Argumentit-fakt\u201d\">Read more<i class=\"dt-icon-the7-arrow-03\" aria-hidden=\"true\"><\/i><\/a>\n\n<\/div><\/article><\/div>[\/vc_column][\/vc_row]<\/p>\n<\/div>","protected":false},"excerpt":{"rendered":"<p>[vc_row][vc_column][\/vc_column][\/vc_row]<\/p>\n","protected":false},"author":3,"featured_media":0,"parent":411,"menu_order":0,"comment_status":"closed","ping_status":"closed","template":"","meta":{"footnotes":""},"class_list":["post-420","page","type-page","status-publish","hentry","description-off"],"_links":{"self":[{"href":"https:\/\/rrenjettona.al\/index.php\/wp-json\/wp\/v2\/pages\/420","targetHints":{"allow":["GET"]}}],"collection":[{"href":"https:\/\/rrenjettona.al\/index.php\/wp-json\/wp\/v2\/pages"}],"about":[{"href":"https:\/\/rrenjettona.al\/index.php\/wp-json\/wp\/v2\/types\/page"}],"author":[{"embeddable":true,"href":"https:\/\/rrenjettona.al\/index.php\/wp-json\/wp\/v2\/users\/3"}],"replies":[{"embeddable":true,"href":"https:\/\/rrenjettona.al\/index.php\/wp-json\/wp\/v2\/comments?post=420"}],"version-history":[{"count":1,"href":"https:\/\/rrenjettona.al\/index.php\/wp-json\/wp\/v2\/pages\/420\/revisions"}],"predecessor-version":[{"id":421,"href":"https:\/\/rrenjettona.al\/index.php\/wp-json\/wp\/v2\/pages\/420\/revisions\/421"}],"up":[{"embeddable":true,"href":"https:\/\/rrenjettona.al\/index.php\/wp-json\/wp\/v2\/pages\/411"}],"wp:attachment":[{"href":"https:\/\/rrenjettona.al\/index.php\/wp-json\/wp\/v2\/media?parent=420"}],"curies":[{"name":"wp","href":"https:\/\/api.w.org\/{rel}","templated":true}]}}