{"id":413,"date":"2019-01-22T14:14:39","date_gmt":"2019-01-22T14:14:39","guid":{"rendered":"https:\/\/rrenjettona.al\/?page_id=413"},"modified":"2019-01-22T14:14:39","modified_gmt":"2019-01-22T14:14:39","slug":"prehistori","status":"publish","type":"page","link":"https:\/\/rrenjettona.al\/index.php\/historigrafi\/prehistori\/","title":{"rendered":"Prehistori"},"content":{"rendered":"<div class=\"wpb-content-wrapper\"><p>[vc_row][vc_column]<style type=\"text\/css\" data-type=\"the7_shortcodes-inline-css\">.blog-shortcode.blog-list-shortcode-id-8559aaf5ddd43655d47e1739bcf817f0.dividers-on.classic-layout-list article {\n  margin-top: 50px;\n  padding-top: 0;\n}\n.blog-shortcode.blog-list-shortcode-id-8559aaf5ddd43655d47e1739bcf817f0.dividers-on.classic-layout-list article:first-of-type {\n  margin-top: 0;\n  padding-top: 0;\n}\n.blog-shortcode.blog-list-shortcode-id-8559aaf5ddd43655d47e1739bcf817f0.classic-layout-list.mode-list .post-thumbnail-wrap {\n  width: 50%;\n}\n.blog-shortcode.blog-list-shortcode-id-8559aaf5ddd43655d47e1739bcf817f0.classic-layout-list.mode-list .post-entry-content {\n  width: calc(100% - 50%);\n}\n.blog-shortcode.blog-list-shortcode-id-8559aaf5ddd43655d47e1739bcf817f0.classic-layout-list.mode-list .no-img .post-entry-content {\n  width: 100%;\n}\n.blog-shortcode.blog-list-shortcode-id-8559aaf5ddd43655d47e1739bcf817f0 .filter-bg-decoration .filter-categories a.act {\n  color: #fff;\n}\n.blog-shortcode.blog-list-shortcode-id-8559aaf5ddd43655d47e1739bcf817f0:not(.mode-masonry) article {\n  margin-top: 50px;\n}\n.blog-shortcode.blog-list-shortcode-id-8559aaf5ddd43655d47e1739bcf817f0:not(.mode-masonry) article:first-of-type,\n.blog-shortcode.blog-list-shortcode-id-8559aaf5ddd43655d47e1739bcf817f0:not(.mode-masonry) article.visible.first:not(.product) {\n  margin-top: 0;\n}\n.blog-shortcode.blog-list-shortcode-id-8559aaf5ddd43655d47e1739bcf817f0.dividers-on:not(.mode-masonry) article {\n  margin-top: 0;\n  padding-top: 50px;\n}\n.blog-shortcode.blog-list-shortcode-id-8559aaf5ddd43655d47e1739bcf817f0.dividers-on:not(.mode-masonry) article:first-of-type,\n.blog-shortcode.blog-list-shortcode-id-8559aaf5ddd43655d47e1739bcf817f0.dividers-on:not(.mode-masonry) article.visible.first:not(.product) {\n  margin-top: 0;\n  padding-top: 0;\n}\n.blog-shortcode.blog-list-shortcode-id-8559aaf5ddd43655d47e1739bcf817f0 .post-thumbnail-wrap {\n  padding: 0px 0px 0px 0px;\n}\n.blog-shortcode.blog-list-shortcode-id-8559aaf5ddd43655d47e1739bcf817f0.enable-bg-rollover .post-thumbnail-rollover:after {\n  background: -webkit-linear-gradient();\n  background: linear-gradient();\n}\n.blog-shortcode.blog-list-shortcode-id-8559aaf5ddd43655d47e1739bcf817f0 .gallery-zoom-ico {\n  width: 44px;\n  height: 44px;\n  line-height: 44px;\n  border-radius: 100px;\n  margin: -22px 0 0 -22px;\n  border-width: 0px;\n  color: #ffffff;\n}\n.bottom-overlap-layout-list.blog-shortcode.blog-list-shortcode-id-8559aaf5ddd43655d47e1739bcf817f0 .gallery-zoom-ico {\n  margin-top: -22px;\n}\n.gradient-overlay-layout-list.blog-shortcode.blog-list-shortcode-id-8559aaf5ddd43655d47e1739bcf817f0 .gallery-zoom-ico,\n.content-rollover-layout-list.blog-shortcode.blog-list-shortcode-id-8559aaf5ddd43655d47e1739bcf817f0 .gallery-zoom-ico {\n  margin: 0 0 10px;\n}\n.content-align-center.gradient-overlay-layout-list.blog-shortcode.blog-list-shortcode-id-8559aaf5ddd43655d47e1739bcf817f0 .gallery-zoom-ico,\n.content-align-center.content-rollover-layout-list.blog-shortcode.blog-list-shortcode-id-8559aaf5ddd43655d47e1739bcf817f0 .gallery-zoom-ico {\n  margin: 0 auto 10px;\n}\n.dt-icon-bg-on.blog-shortcode.blog-list-shortcode-id-8559aaf5ddd43655d47e1739bcf817f0 .gallery-zoom-ico {\n  background: rgba(255,255,255,0.3);\n  box-shadow: none;\n}\n.blog-shortcode.blog-list-shortcode-id-8559aaf5ddd43655d47e1739bcf817f0 .gallery-zoom-ico > span,\n.blog-shortcode.blog-list-shortcode-id-8559aaf5ddd43655d47e1739bcf817f0 .gallery-zoom-ico:before {\n  font-size: 32px;\n  line-height: 44px;\n}\n.blog-shortcode.blog-list-shortcode-id-8559aaf5ddd43655d47e1739bcf817f0 .gallery-zoom-ico > span,\n.blog-shortcode.blog-list-shortcode-id-8559aaf5ddd43655d47e1739bcf817f0 .gallery-zoom-ico:before {\n  color: #ffffff;\n}\n.blog-shortcode.blog-list-shortcode-id-8559aaf5ddd43655d47e1739bcf817f0 .fancy-date a {\n  background: #ffffff;\n  box-shadow: none;\n}\n.blog-shortcode.blog-list-shortcode-id-8559aaf5ddd43655d47e1739bcf817f0 .fancy-date a * {\n  color: #2d2d2d;\n}\n.blog-shortcode.blog-list-shortcode-id-8559aaf5ddd43655d47e1739bcf817f0 .entry-title,\n.blog-shortcode.blog-list-shortcode-id-8559aaf5ddd43655d47e1739bcf817f0.owl-carousel .entry-title {\n  margin-bottom: 5px;\n  font-weight: bold;\n}\n.blog-shortcode.blog-list-shortcode-id-8559aaf5ddd43655d47e1739bcf817f0 .entry-meta {\n  margin-bottom: 15px;\n}\n.blog-shortcode.blog-list-shortcode-id-8559aaf5ddd43655d47e1739bcf817f0 .portfolio-categories {\n  margin-bottom: 15px;\n}\n.blog-shortcode.blog-list-shortcode-id-8559aaf5ddd43655d47e1739bcf817f0 .entry-excerpt {\n  margin-bottom: 5px;\n}\n.blog-shortcode.blog-list-shortcode-id-8559aaf5ddd43655d47e1739bcf817f0:not(.centered-layout-list) .post-entry-content {\n  padding: 25px 30px 30px 30px;\n}\n.blog-shortcode.blog-list-shortcode-id-8559aaf5ddd43655d47e1739bcf817f0:not(.centered-layout-list):not(.content-bg-on):not(.mode-list) .no-img .post-entry-content {\n  padding: 0;\n}\n@media screen and (max-width: 768px) {\n  .blog-shortcode.blog-list-shortcode-id-8559aaf5ddd43655d47e1739bcf817f0 article {\n    -ms-flex-flow: column nowrap;\n    flex-flow: column nowrap;\n    margin-top: 20px;\n  }\n  .blog-shortcode.blog-list-shortcode-id-8559aaf5ddd43655d47e1739bcf817f0.dividers-on article {\n    border: none;\n  }\n  .blog-shortcode.blog-list-shortcode-id-8559aaf5ddd43655d47e1739bcf817f0.content-bg-on.centered-layout-list article {\n    padding: 0;\n  }\n  .blog-shortcode.blog-list-shortcode-id-8559aaf5ddd43655d47e1739bcf817f0.blog-shortcode.dividers-on article,\n  .blog-shortcode.blog-list-shortcode-id-8559aaf5ddd43655d47e1739bcf817f0.dividers-on.classic-layout-list article {\n    margin-top: 20px;\n    padding: 0;\n  }\n  .blog-shortcode.blog-list-shortcode-id-8559aaf5ddd43655d47e1739bcf817f0.blog-shortcode.dividers-on article:first-of-type,\n  .blog-shortcode.blog-list-shortcode-id-8559aaf5ddd43655d47e1739bcf817f0.dividers-on.classic-layout-list article:first-of-type {\n    padding: 0;\n  }\n  #page .blog-shortcode.blog-list-shortcode-id-8559aaf5ddd43655d47e1739bcf817f0 .post-thumbnail-wrap,\n  #page .blog-shortcode.blog-list-shortcode-id-8559aaf5ddd43655d47e1739bcf817f0 .post-entry-content {\n    width: 100%;\n    margin: 0;\n    top: 0;\n  }\n  #page .blog-shortcode.blog-list-shortcode-id-8559aaf5ddd43655d47e1739bcf817f0 .post-thumbnail-wrap {\n    padding: 0;\n  }\n  #page .blog-shortcode.blog-list-shortcode-id-8559aaf5ddd43655d47e1739bcf817f0 .post-entry-content:after {\n    display: none;\n  }\n  #page .blog-shortcode.blog-list-shortcode-id-8559aaf5ddd43655d47e1739bcf817f0 .project-even .post-thumbnail-wrap,\n  #page .blog-shortcode.blog-list-shortcode-id-8559aaf5ddd43655d47e1739bcf817f0.centered-layout-list .post-thumbnail-wrap {\n    -ms-flex-order: 0;\n    order: 0;\n  }\n  #page .blog-shortcode.blog-list-shortcode-id-8559aaf5ddd43655d47e1739bcf817f0.centered-layout-list .post-entry-title-content {\n    -ms-flex-order: 1;\n    order: 1;\n    width: 100%;\n    padding: 20px 20px 0;\n  }\n  #page .blog-shortcode.blog-list-shortcode-id-8559aaf5ddd43655d47e1739bcf817f0.centered-layout-list .post-entry-content {\n    -ms-flex-order: 2;\n    order: 2;\n    padding-top: 0;\n  }\n  #page .blog-shortcode.blog-list-shortcode-id-8559aaf5ddd43655d47e1739bcf817f0 .fancy-categories {\n    top: 10px;\n    left: 10px;\n    bottom: auto;\n    right: auto;\n  }\n  #page .blog-shortcode.blog-list-shortcode-id-8559aaf5ddd43655d47e1739bcf817f0 .fancy-date a {\n    top: 10px;\n    right: 10px;\n    left: auto;\n    bottom: auto;\n  }\n  #page .blog-shortcode.blog-list-shortcode-id-8559aaf5ddd43655d47e1739bcf817f0 .post-entry-content {\n    padding: 20px;\n  }\n  #page .blog-shortcode.blog-list-shortcode-id-8559aaf5ddd43655d47e1739bcf817f0 .entry-title {\n    margin: 3px 0 5px;\n    font-size: 20px;\n    line-height: 26px;\n  }\n  #page .blog-shortcode.blog-list-shortcode-id-8559aaf5ddd43655d47e1739bcf817f0 .entry-meta {\n    margin: 5px 0 5px;\n  }\n  #page .blog-shortcode.blog-list-shortcode-id-8559aaf5ddd43655d47e1739bcf817f0 .entry-excerpt {\n    margin: 15px 0 0;\n  }\n  #page .blog-shortcode.blog-list-shortcode-id-8559aaf5ddd43655d47e1739bcf817f0 .post-details {\n    margin: 5px 0 10px;\n  }\n  #page .blog-shortcode.blog-list-shortcode-id-8559aaf5ddd43655d47e1739bcf817f0 .post-details.details-type-link {\n    margin-bottom: 2px;\n  }\n}\n<\/style><div class=\"articles-list blog-shortcode mode-list blog-list-shortcode-id-8559aaf5ddd43655d47e1739bcf817f0 classic-layout-list content-bg-on jquery-filter scale-img dt-icon-bg-off loading-effect-fade-in\" data-cur-page=\"1\" data-post-limit=\"-1\" data-pagination-mode=\"none\"><article class=\"post project-odd visible no-img post-590 type-post status-publish format-standard hentry category-prehistori category-12 description-off\" data-name=\"Shqiponja- Simboli m\u00eb i lasht\u00eb i besimit n\u00eb Euro-Azi\" data-date=\"2019-07-23T15:28:07+00:00\">\n\n<div class=\"post-entry-content\">\n\n\t<h3 class=\"entry-title\">\n\t\t<a href=\"https:\/\/rrenjettona.al\/index.php\/2019\/07\/23\/shqiponja-simboli-me-i-lashte-i-besimit-ne-euro-azi\/\" title=\"Shqiponja- Simboli m\u00eb i lasht\u00eb i besimit n\u00eb Euro-Azi\" rel=\"bookmark\">Shqiponja- Simboli m\u00eb i lasht\u00eb i besimit n\u00eb Euro-Azi<\/a>\n\t<\/h3>\n\n\t<div class=\"entry-meta\"><span class=\"category-link\"><a href=\"https:\/\/rrenjettona.al\/index.php\/category\/historigrafi\/prehistori\/\" >Prehistori<\/a><\/span><a class=\"author vcard\" href=\"https:\/\/rrenjettona.al\/index.php\/author\/rrenjet\/\" title=\"View all posts by rrenjet\" rel=\"author\">By <span class=\"fn\">rrenjet<\/span><\/a><a href=\"https:\/\/rrenjettona.al\/index.php\/2019\/07\/23\/\" title=\"3:28 pm\" class=\"data-link\" rel=\"bookmark\"><time class=\"entry-date updated\" datetime=\"2019-07-23T15:28:07+00:00\">July 23, 2019<\/time><\/a><\/div>\n\t<div class=\"entry-excerpt\"><p>[vc_row][vc_column width=&#8221;1\/3&#8243;][vc_single_image image=&#8221;591&#8243; img_size=&#8221;full&#8221;][\/vc_column][vc_column width=&#8221;1\/3&#8243;][vc_column_text] Fjal\u00eb ky\u00e7e: Shqiponja, simbol i Europ\u00ebs; Emblema e shqiponj\u00ebs; Gjuha shqipe-arb\u00ebrore.[\/vc_column_text][\/vc_column][vc_column width=&#8221;1\/3&#8243;][vc_column_text]Fusha: Histori Periudha : Prehistori Autori : Fatbardha Demi[\/vc_column_text][\/vc_column][\/vc_row]<\/p>\n<\/div>\n\t\n<a href=\"https:\/\/rrenjettona.al\/index.php\/2019\/07\/23\/shqiponja-simboli-me-i-lashte-i-besimit-ne-euro-azi\/\" class=\"post-details details-type-link\" aria-label=\"Read more about Shqiponja- Simboli m\u00eb i lasht\u00eb i besimit n\u00eb Euro-Azi\">Read more<i class=\"dt-icon-the7-arrow-03\" aria-hidden=\"true\"><\/i><\/a>\n\n<\/div><\/article><article class=\"post project-odd visible no-img post-355 type-post status-publish format-standard hentry category-prehistori category-12 description-off\" data-name=\"Tomorri Mal &#8211; D\u00ebshmitar i Gjith\u00ebsis\u00eb\" data-date=\"2019-01-22T11:58:16+00:00\">\n\n<div class=\"post-entry-content\">\n\n\t<h3 class=\"entry-title\">\n\t\t<a href=\"https:\/\/rrenjettona.al\/index.php\/2019\/01\/22\/tomorri-mal-deshmitar-i-gjithesise\/\" title=\"Tomorri Mal &#8211; D\u00ebshmitar i Gjith\u00ebsis\u00eb\" rel=\"bookmark\">Tomorri Mal &#8211; D\u00ebshmitar i Gjith\u00ebsis\u00eb<\/a>\n\t<\/h3>\n\n\t<div class=\"entry-meta\"><span class=\"category-link\"><a href=\"https:\/\/rrenjettona.al\/index.php\/category\/historigrafi\/prehistori\/\" >Prehistori<\/a><\/span><a class=\"author vcard\" href=\"https:\/\/rrenjettona.al\/index.php\/author\/admin\/\" title=\"View all posts by admin\" rel=\"author\">By <span class=\"fn\">admin<\/span><\/a><a href=\"https:\/\/rrenjettona.al\/index.php\/2019\/01\/22\/\" title=\"11:58 am\" class=\"data-link\" rel=\"bookmark\"><time class=\"entry-date updated\" datetime=\"2019-01-22T11:58:16+00:00\">January 22, 2019<\/time><\/a><\/div>\n\t<div class=\"entry-excerpt\"><p>[vc_row][vc_column width=&#8221;1\/3&#8243;][vc_single_image image=&#8221;356&#8243; img_size=&#8221;full&#8221;][\/vc_column][vc_column width=&#8221;1\/3&#8243;][vc_column_text] Tomorri \u2013 mal q\u00eb s\u2019fle Mali i Tomorit \u00ebsht\u00eb formuar s\u00eb paku 65 milion vjet m\u00eb par\u00eb dhe rri e q\u00ebndron, ashtu si e shohim apo e prekim sot, qysh t\u00eb pakt\u00ebn 5-6 milion vjet, shum\u00eb m\u00eb par\u00eb se njeriu t\u00eb \u00e7faqej mbi dh\u00e8, sikund\u00ebr na poetizon i madhi Xhevair&hellip;<\/p>\n<\/div>\n\t\n<a href=\"https:\/\/rrenjettona.al\/index.php\/2019\/01\/22\/tomorri-mal-deshmitar-i-gjithesise\/\" class=\"post-details details-type-link\" aria-label=\"Read more about Tomorri Mal &#8211; D\u00ebshmitar i Gjith\u00ebsis\u00eb\">Read more<i class=\"dt-icon-the7-arrow-03\" aria-hidden=\"true\"><\/i><\/a>\n\n<\/div><\/article><article class=\"post project-odd visible no-img post-345 type-post status-publish format-standard hentry category-prehistori category-uncategorized category-12 category-1 description-off\" data-name=\"Njeriu Parahistorik\" data-date=\"2019-01-22T11:51:02+00:00\">\n\n<div class=\"post-entry-content\">\n\n\t<h3 class=\"entry-title\">\n\t\t<a href=\"https:\/\/rrenjettona.al\/index.php\/2019\/01\/22\/njeriu-parahistorik\/\" title=\"Njeriu Parahistorik\" rel=\"bookmark\">Njeriu Parahistorik<\/a>\n\t<\/h3>\n\n\t<div class=\"entry-meta\"><span class=\"category-link\"><a href=\"https:\/\/rrenjettona.al\/index.php\/category\/historigrafi\/prehistori\/\" >Prehistori<\/a>, <a href=\"https:\/\/rrenjettona.al\/index.php\/category\/uncategorized\/\" >Uncategorized<\/a><\/span><a class=\"author vcard\" href=\"https:\/\/rrenjettona.al\/index.php\/author\/admin\/\" title=\"View all posts by admin\" rel=\"author\">By <span class=\"fn\">admin<\/span><\/a><a href=\"https:\/\/rrenjettona.al\/index.php\/2019\/01\/22\/\" title=\"11:51 am\" class=\"data-link\" rel=\"bookmark\"><time class=\"entry-date updated\" datetime=\"2019-01-22T11:51:02+00:00\">January 22, 2019<\/time><\/a><\/div>\n\t<div class=\"entry-excerpt\"><p>[vc_row][vc_column width=&#8221;1\/3&#8243;][vc_single_image image=&#8221;346&#8243; img_size=&#8221;full&#8221;][\/vc_column][vc_column width=&#8221;1\/3&#8243;][vc_column_text] 1.1.1 \u00c7\u2019\u00ebsht\u00eb parahistoria M\u00eb par\u00eb se t\u00eb shqyrtojm\u00eb koh\u00ebn e lindjes dhe t\u00eb zhvillimit t\u00eb njeriut parahistorik, shtyhemi t\u00eb d\u00ebftejm\u00eb se \u00e7\u2019\u00ebsht\u00eb parahistoria q\u00eb ve\u00e7 g\u00ebrvishjeve n\u00ebp\u00ebr muret e shpellave nuk trash\u00ebgon aq fakte sa t\u00eb arrish ta send\u00ebrtosh at\u00eb. Gjithsesi, ka displina si gjeologjia q\u00eb arrin t\u00eb p\u00ebrshkoj\u00eb abisalet&hellip;<\/p>\n<\/div>\n\t\n<a href=\"https:\/\/rrenjettona.al\/index.php\/2019\/01\/22\/njeriu-parahistorik\/\" class=\"post-details details-type-link\" aria-label=\"Read more about Njeriu Parahistorik\">Read more<i class=\"dt-icon-the7-arrow-03\" aria-hidden=\"true\"><\/i><\/a>\n\n<\/div><\/article><article class=\"post project-odd visible no-img post-340 type-post status-publish format-standard hentry category-prehistori category-12 description-off\" data-name=\"Dodona Pellazgjike dhe Tomorri i saj\" data-date=\"2019-01-22T11:47:41+00:00\">\n\n<div class=\"post-entry-content\">\n\n\t<h3 class=\"entry-title\">\n\t\t<a href=\"https:\/\/rrenjettona.al\/index.php\/2019\/01\/22\/dodona-pellazgjike-dhe-tomorri-i-saj\/\" title=\"Dodona Pellazgjike dhe Tomorri i saj\" rel=\"bookmark\">Dodona Pellazgjike dhe Tomorri i saj<\/a>\n\t<\/h3>\n\n\t<div class=\"entry-meta\"><span class=\"category-link\"><a href=\"https:\/\/rrenjettona.al\/index.php\/category\/historigrafi\/prehistori\/\" >Prehistori<\/a><\/span><a class=\"author vcard\" href=\"https:\/\/rrenjettona.al\/index.php\/author\/admin\/\" title=\"View all posts by admin\" rel=\"author\">By <span class=\"fn\">admin<\/span><\/a><a href=\"https:\/\/rrenjettona.al\/index.php\/2019\/01\/22\/\" title=\"11:47 am\" class=\"data-link\" rel=\"bookmark\"><time class=\"entry-date updated\" datetime=\"2019-01-22T11:47:41+00:00\">January 22, 2019<\/time><\/a><\/div>\n\t<div class=\"entry-excerpt\"><p>[vc_row][vc_column width=&#8221;1\/3&#8243;][vc_single_image image=&#8221;341&#8243; img_size=&#8221;full&#8221;][\/vc_column][vc_column width=&#8221;1\/3&#8243;][vc_column_text] N\u00eb port\u00ebn e faltores s\u00eb Dodon\u00ebs pellazgjike shkruhej se n\u00eb bot\u00eb mbizot\u00ebrojne tre fuqi, men\u00e7uria, forca, fati. P\u00ebrm\u00ebnd\u00ebsit e par\u00eb si OMIRI (Homeri) dhe Herodoti shpjegojn\u00eb emrin DODONA t\u00eb marr\u00eb nga per\u00ebndit\u00eb e vjetra pellazgjike. Fatth\u00ebn\u00ebsit e DODON\u00cbS quheshin si\u00e7 e tham\u00eb m\u00eb lart: Tomuri, fatth\u00ebnat Tomure, Tomurosose. K\u00ebt\u00eb e&hellip;<\/p>\n<\/div>\n\t\n<a href=\"https:\/\/rrenjettona.al\/index.php\/2019\/01\/22\/dodona-pellazgjike-dhe-tomorri-i-saj\/\" class=\"post-details details-type-link\" aria-label=\"Read more about Dodona Pellazgjike dhe Tomorri i saj\">Read more<i class=\"dt-icon-the7-arrow-03\" aria-hidden=\"true\"><\/i><\/a>\n\n<\/div><\/article><article class=\"post project-odd visible no-img post-155 type-post status-publish format-standard hentry category-prehistori category-12 description-off\" data-name=\"Apollonia\" data-date=\"2018-12-25T14:12:05+00:00\">\n\n<div class=\"post-entry-content\">\n\n\t<h3 class=\"entry-title\">\n\t\t<a href=\"https:\/\/rrenjettona.al\/index.php\/2018\/12\/25\/apollonia\/\" title=\"Apollonia\" rel=\"bookmark\">Apollonia<\/a>\n\t<\/h3>\n\n\t<div class=\"entry-meta\"><span class=\"category-link\"><a href=\"https:\/\/rrenjettona.al\/index.php\/category\/historigrafi\/prehistori\/\" >Prehistori<\/a><\/span><a class=\"author vcard\" href=\"https:\/\/rrenjettona.al\/index.php\/author\/admin\/\" title=\"View all posts by admin\" rel=\"author\">By <span class=\"fn\">admin<\/span><\/a><a href=\"https:\/\/rrenjettona.al\/index.php\/2018\/12\/25\/\" title=\"2:12 pm\" class=\"data-link\" rel=\"bookmark\"><time class=\"entry-date updated\" datetime=\"2018-12-25T14:12:05+00:00\">December 25, 2018<\/time><\/a><\/div>\n\t<div class=\"entry-excerpt\"><p>[vc_row][vc_column width=&#8221;1\/2&#8243;][vc_column_text] \u00c7do gur\u00eb, mur\u00eb apo dhe fije bari ka n\u00eb p\u00ebrmbajtjen e saj prej origjin\u00ebs deri n\u00eb t\u00eb tashmen gjith\u00e7ka. Thjesht ne duhet ti kqyrim dhe k\u00ebshtu mundemi t\u00eb lexojm\u00eb nj\u00ebra pas tjetr\u00ebs element\u00ebt multidimensional prej t\u00eb cilave p\u00ebrb\u00ebhet guri, muri, fija e barit apo dhe gjith\u00e7ka tjet\u00ebr. Ju ftojm\u00eb ti kqyrni me v\u00ebm\u00ebndje.&hellip;<\/p>\n<\/div>\n\t\n<a href=\"https:\/\/rrenjettona.al\/index.php\/2018\/12\/25\/apollonia\/\" class=\"post-details details-type-link\" aria-label=\"Read more about Apollonia\">Read more<i class=\"dt-icon-the7-arrow-03\" aria-hidden=\"true\"><\/i><\/a>\n\n<\/div><\/article><\/div>[\/vc_column][\/vc_row]<\/p>\n<\/div>","protected":false},"excerpt":{"rendered":"<p>[vc_row][vc_column][\/vc_column][\/vc_row]<\/p>\n","protected":false},"author":3,"featured_media":0,"parent":411,"menu_order":0,"comment_status":"closed","ping_status":"closed","template":"","meta":{"footnotes":""},"class_list":["post-413","page","type-page","status-publish","hentry","description-off"],"_links":{"self":[{"href":"https:\/\/rrenjettona.al\/index.php\/wp-json\/wp\/v2\/pages\/413","targetHints":{"allow":["GET"]}}],"collection":[{"href":"https:\/\/rrenjettona.al\/index.php\/wp-json\/wp\/v2\/pages"}],"about":[{"href":"https:\/\/rrenjettona.al\/index.php\/wp-json\/wp\/v2\/types\/page"}],"author":[{"embeddable":true,"href":"https:\/\/rrenjettona.al\/index.php\/wp-json\/wp\/v2\/users\/3"}],"replies":[{"embeddable":true,"href":"https:\/\/rrenjettona.al\/index.php\/wp-json\/wp\/v2\/comments?post=413"}],"version-history":[{"count":1,"href":"https:\/\/rrenjettona.al\/index.php\/wp-json\/wp\/v2\/pages\/413\/revisions"}],"predecessor-version":[{"id":414,"href":"https:\/\/rrenjettona.al\/index.php\/wp-json\/wp\/v2\/pages\/413\/revisions\/414"}],"up":[{"embeddable":true,"href":"https:\/\/rrenjettona.al\/index.php\/wp-json\/wp\/v2\/pages\/411"}],"wp:attachment":[{"href":"https:\/\/rrenjettona.al\/index.php\/wp-json\/wp\/v2\/media?parent=413"}],"curies":[{"name":"wp","href":"https:\/\/api.w.org\/{rel}","templated":true}]}}