{"id":208,"date":"2019-01-08T10:27:06","date_gmt":"2019-01-08T10:27:06","guid":{"rendered":"https:\/\/rrenjettona.al\/?page_id=208"},"modified":"2022-04-04T14:10:59","modified_gmt":"2022-04-04T14:10:59","slug":"rreth-nesh","status":"publish","type":"page","link":"https:\/\/rrenjettona.al\/index.php\/rreth-nesh\/","title":{"rendered":"Rreth Nesh"},"content":{"rendered":"<div class=\"wpb-content-wrapper\"><p>[vc_row][vc_column width=&#8221;1\/3&#8243;][\/vc_column][vc_column width=&#8221;1\/3&#8243;][vc_single_image image=&#8221;241&#8243; img_size=&#8221;full&#8221; alignment=&#8221;center&#8221; image_hovers=&#8221;false&#8221; css=&#8221;.vc_custom_1548149737230{margin-top: -20px !important;}&#8221;][vc_custom_heading text=&#8221;Informacione P\u00ebr Organizator\u00ebt e Kuvendit&#8221; font_container=&#8221;tag:h3|font_size:17|text_align:center&#8221; google_fonts=&#8221;font_family:Playfair%20Display%3Aregular%2Citalic%2C700%2C700italic%2C900%2C900italic|font_style:700%20bold%20regular%3A700%3Anormal&#8221; css=&#8221;.vc_custom_1548149690479{margin-top: -90px !important;}&#8221;]<div class=\"aio-icon-component    style_1\"><a class=\"aio-icon-box-link\" href=\"https:\/\/rrenjettona.al\/wp-content\/uploads\/2019\/02\/Rreth-Nesh.pdf\" ><div id=\"Info-box-wrap-7682\" class=\"aio-icon-box top-icon\" style=\"\"  ><div class=\"aio-icon-top\"><div class=\"ult-just-icon-wrapper  \"><div class=\"align-icon\" style=\"text-align:center;\">\n<div class=\"aio-icon-img \" style=\"font-size:48px;display:inline-block;\" >\n\t<img decoding=\"async\" class=\"img-icon\" alt=\"null\" src=\"https:\/\/rrenjettona.al\/wp-content\/uploads\/2018\/12\/Pdflogogt.png\"\/>\n<\/div><\/div><\/div><\/div><div class=\"aio-icon-header\" ><h3 class=\"aio-icon-title ult-responsive\"  data-ultimate-target='#Info-box-wrap-7682 .aio-icon-title'  data-responsive-json-new='{\"font-size\":\"\",\"line-height\":\"\"}'  style=\"\">Prezantimi i Plote<\/h3><\/div> <!-- header --><\/div> <!-- aio-icon-box --><\/a><\/div> <!-- aio-icon-component -->[\/vc_column][vc_column width=&#8221;1\/3&#8243;][\/vc_column][\/vc_row][vc_row][vc_column][vc_empty_space height=&#8221;30px&#8221;][\/vc_column][\/vc_row][vc_row bg_type=&#8221;image&#8221; parallax_style=&#8221;vcpb-default&#8221; bg_image_new=&#8221;id^247|url^https:\/\/rrenjettona.al\/wp-content\/uploads\/2019\/01\/image.png|caption^null|alt^null|title^null|description^null&#8221; bg_image_repeat=&#8221;no-repeat&#8221; bg_override=&#8221;ex-full&#8221; css=&#8221;.vc_custom_1548151297212{margin-bottom: -70px !important;}&#8221;][vc_column][vc_column_text]<\/p>\n<h3><em>Kodi i Etik<\/em>\u00eb<em>s<br \/>\n<\/em><a href=\"https:\/\/rrenjettona.al\/index.php\/rreth-nesh\/kodi-i-etikes\/\" rel=\"attachment wp-att-1309\">Kodi i Etik<\/a>\u00eb<a href=\"https:\/\/rrenjettona.al\/index.php\/rreth-nesh\/kodi-i-etikes\/\" rel=\"attachment wp-att-1309\">s<\/a><em><br \/>\n<\/em><\/h3>\n<h3>MEMO Bashk\u00ebpunimi<br \/>\n<a href=\"https:\/\/rrenjettona.al\/index.php\/rreth-nesh\/memo-bashkepunimi\/\" rel=\"attachment wp-att-1311\">MEMO Bashk<\/a>\u00eb<a href=\"https:\/\/rrenjettona.al\/index.php\/rreth-nesh\/memo-bashkepunimi\/\" rel=\"attachment wp-att-1311\">punimi<\/a><\/h3>\n<h3><em>Statut i Fondacionit &#8220;Rr<\/em>\u00eb<em>njet Tona&#8221;<\/em><\/h3>\n<h3><a href=\"https:\/\/rrenjettona.al\/index.php\/rreth-nesh\/statuti-fondacion-rrenjet-tona\/\" rel=\"attachment wp-att-1304\">Statut i fondacionit &#8220;Rr<\/a>\u00eb<a href=\"https:\/\/rrenjettona.al\/index.php\/rreth-nesh\/statuti-fondacion-rrenjet-tona\/\" rel=\"attachment wp-att-1304\">njet tona&#8221;<\/a><\/h3>\n<h3><em>Rregullore e Brend<\/em><em>shme e &#8220;Akademis<\/em>\u00eb<em> Rr<\/em>\u00eb<em>njet Tona&#8221;<br \/>\n<\/em><a href=\"https:\/\/rrenjettona.al\/index.php\/rreth-nesh\/rregullore-e-brendshme-akademise-rrenjet-tona\/\" rel=\"attachment wp-att-1307\">Rregullore e brendshme e &#8220;Akademis<\/a>\u00eb\u00a0<a href=\"https:\/\/rrenjettona.al\/index.php\/rreth-nesh\/rregullore-e-brendshme-akademise-rrenjet-tona\/\" rel=\"attachment wp-att-1307\">Rr<\/a>\u00eb<a href=\"https:\/\/rrenjettona.al\/index.php\/rreth-nesh\/rregullore-e-brendshme-akademise-rrenjet-tona\/\" rel=\"attachment wp-att-1307\">njet<\/a><a href=\"https:\/\/rrenjettona.al\/index.php\/rreth-nesh\/rregullore-e-brendshme-akademise-rrenjet-tona\/\" rel=\"attachment wp-att-1307\"> Tona&#8221;<\/a><\/h3>\n<h3>Shoqata <strong><em>QENDRA KOMB\u00cbTARE \u201cRR\u00cbNJ\u00cbT TONA\u201d<\/em><\/strong><\/h3>\n<p style=\"text-align: justify;\"><span style=\"color: #000000;\">Ushtron aktivitetin e saj n\u00eb p\u00ebrputhje me legjislacionin Shqip\u00ebtar n\u00eb fuqi, konkretisht ligji nr. 8788, date 07.05.2001 \u201cP\u00ebr Organizatat Jofitimprurese\u201d. Esht\u00eb themeluar me vullnet t\u00eb lir\u00eb nga nj\u00eb grup anetar\u00ebsh nism\u00ebtar\u00eb dhe \u00ebsht\u00eb nj\u00eb organizat\u00eb, jofitimprur\u00ebse. Ajo \u00ebsht\u00eb nj\u00eb organizim jo qeveritar, i pavarur nga partit\u00eb e organizatat politike dhe g\u00ebzon liri dhe autonomi t\u00eb veprimit n\u00eb p\u00ebrputhje me Statutin, Programin dhe Rregulloren e saj. Veprimtaria e saj shtrihet n\u00eb t\u00eb gjith\u00eb territorin e Republik\u00ebs s\u00eb Shqip\u00ebris\u00eb dhe jasht\u00eb saj.<\/span><\/p>\n<h3><strong><em>\u201cALEANCA QYTETARE E MBROJTJES S\u00cb VLERAVE KOMB\u00cbTARE<\/em><\/strong><\/h3>\n<p style=\"text-align: justify;\"><span style=\"color: #000000;\">Shkurt AQMVK\u201d ushtron aktivitetin e saj n\u00eb p\u00ebrputhje me legjislacionin Shqip\u00ebtar n\u00eb fuqi konkretisht ligji nr. 8788, date 07.05.2001 \u201cP\u00ebr Organizatat Jofitimprurese\u201d, ligji nr. 8789, dt.07.05.2001. Aleanca Qytetare e Mbrujtjes s\u00eb Vlerave Komb\u00ebtare \u00ebsht\u00eb themeluar me vullnet t\u00eb lir\u00eb nga nj\u00eb grup anetar\u00ebsh nism\u00ebtar\u00eb dhe \u00ebsht\u00eb nj\u00eb organizat\u00eb, jofitimprur\u00ebse. Ajo \u00ebsht\u00eb nj\u00eb organizim jo qeveritar, i pavarur nga partit\u00eb e organizatat politike dhe g\u00ebzon liri dhe autonomi t\u00eb veprimit n\u00eb p\u00ebrputhje me Statutin, Programin dhe Rregulloren e saj. Organizata ka vul\u00ebn dhe stem\u00ebn e saj. Veprimtaria e saj shtrihet n\u00eb t\u00eb gjith\u00eb territorin e Republik\u00ebs s\u00eb Shqip\u00ebris\u00eb dhe jasht\u00eb saj. An\u00ebtar\u00ebt e par\u00eb themelues t\u00eb Organizat\u00ebs jan\u00eb t\u00eb gjith\u00eb ata individ\u00eb, t\u00eb cil\u00ebt kan\u00eb n\u00ebnshkruar deklarat\u00ebn e themelimit dhe betimin p\u00ebr mbrojtjen e vlerave komb\u00ebtare.<\/span><\/p>\n<h3 style=\"text-align: justify;\"><strong>QENDRA K\u00cbRKIMORE SHKENCORE G &amp; G GROUP<\/strong><\/h3>\n<p style=\"text-align: justify;\"><span style=\"color: #000000;\">QENDRA K\u00cbRKIMORE SHKENCORE &#8211; G &amp; G Group ofron nj\u00eb kuad\u00ebr t\u00eb plot\u00eb t\u00eb sh\u00ebrbimeve q\u00eb mbulon fush\u00ebn e Legjislacioniut, Mjedisit, Gjeoshkenc\u00ebs dhe Histori-gjuh\u00ebsiss\u00eb e etnokultur\u00ebs.. P\u00ebrgjegj\u00ebsia p\u00ebr t\u00eb menaxhuar sfidat e sotme dhe mbrojtjen e vlerave t\u00eb kombit, k\u00ebrkon zbatimin e njohurive t\u00eb sotme shkencore.<\/span><\/p>\n<h3 style=\"text-align: justify;\"><strong>FORUMI<\/strong><strong>&#8221; IMAZH &amp; MEDIA<\/strong><\/h3>\n<p style=\"text-align: justify;\"><span style=\"color: #000000;\">Forumi Mbar\u00ebkomb\u00ebtar &#8220;Imazhi Shqiptar &amp; Identiteti Komb\u00ebtar&#8221; n\u00ebn slloganin &#8220;Kombi Shqiptar, Imazhi Im&#8221; Forumi ka 23 vite q\u00eb \u00ebsht\u00eb themeluar, dhe Festivali Nd\u00ebrkomb\u00ebtar, &#8220;Imazhi Shqiptar&#8221;, mbylli me sukses edicioni e 16( gjasht\u00ebmb\u00ebdhjet\u00eb), m\u00eb 22 Dhjetor, 2018. Misioni i Imazhit Shqiptar p\u00ebr identifikimin dhe promovimin e vlerave t\u00eb Imazhit Shqiptar nuk ndalet. Si \u00e7do vit, Forumi &#8220;Imazh &amp; Media&#8221;, ka pritur n\u00eb Kryeqytetin Shqiptar, n\u00eb Tiran\u00eb, edicionin e Festivalit Nd\u00ebrkomb\u00ebtar&#8221; Imazhit Shqiptar&#8221;, s\u00eb bashku me miqt\u00eb dhe mb\u00ebshtet\u00ebsit e kontributor\u00ebt nga t\u00eb gjitha trevat shqipfol\u00ebse. Tashm\u00eb, nj\u00eb tradit\u00eb e veprimtarive t\u00eb Forumit&#8221; Imazh &amp; Media&#8221;.<\/span><\/p>\n<h3 style=\"text-align: justify;\"><strong>ORGANIZATA \u201cALVA \u201c- ALBANIAN VALUES \u2013 VLERAT SHQIPTARE<\/strong><\/h3>\n<p style=\"text-align: justify;\"><span style=\"color: #000000;\">Organizata \u201cALVA &#8211; Albanian Values \u2013 Vlerat Shqiptare\u201d, \u00ebsht\u00eb nj\u00eb organizat\u00eb jo fitim prur\u00ebse dhe jopolitike, e themeluar si nj\u00eb nism\u00eb e nj\u00eb grupi dashamir\u00ebsish, artist\u00eb, historian\u00eb, aktivist\u00eb t\u00eb njohur t\u00eb shoq\u00ebris\u00eb civile, t\u00eb apasionuar ndaj vlerave, kultur\u00ebs, tradit\u00ebs, natyr\u00ebs, gjuh\u00ebs, let\u00ebrsis\u00eb, folklorit t\u00eb kombit shqiptar etj. \u201cALVA\u201d zot\u00ebron karakter kulturor, informues, edukativ, shkencor q\u00eb bazohet n\u00eb evidentimin dhe promovimin e vlerave mbar\u00ebkomb\u00ebtare kulturore, historike, njer\u00ebzore t\u00eb vyera t\u00eb kombit shqiptar, p\u00ebr t\u00eb mund\u00ebsuar ruajtjen dhe zhvillimin e tyre si dhe p\u00ebr t\u00eb aspiruar integrimin e Shqip\u00ebris\u00eb n\u00eb gjirin e Bashkimit Evropian, duke u identifikuar me historin\u00eb, kultur\u00ebn, gjuh\u00ebn dhe traditat e nj\u00eb kombi t\u00eb barabart\u00eb n\u00eb mes t\u00eb barabart\u00ebve.<\/span><\/p>\n<p>[\/vc_column_text][\/vc_column][\/vc_row]<\/p>\n<\/div>","protected":false},"excerpt":{"rendered":"<p>[vc_row][vc_column width=&#8221;1\/3&#8243;][\/vc_column][vc_column width=&#8221;1\/3&#8243;][vc_single_image image=&#8221;241&#8243; img_size=&#8221;full&#8221; alignment=&#8221;center&#8221; image_hovers=&#8221;false&#8221; css=&#8221;.vc_custom_1548149737230{margin-top: -20px !important;}&#8221;][vc_custom_heading text=&#8221;Informacione P\u00ebr Organizator\u00ebt e Kuvendit&#8221; font_container=&#8221;tag:h3|font_size:17|text_align:center&#8221; google_fonts=&#8221;font_family:Playfair%20Display%3Aregular%2Citalic%2C700%2C700italic%2C900%2C900italic|font_style:700%20bold%20regular%3A700%3Anormal&#8221; css=&#8221;.vc_custom_1548149690479{margin-top: -90px !important;}&#8221;][\/vc_column][vc_column width=&#8221;1\/3&#8243;][\/vc_column][\/vc_row][vc_row][vc_column][vc_empty_space height=&#8221;30px&#8221;][\/vc_column][\/vc_row][vc_row bg_type=&#8221;image&#8221; parallax_style=&#8221;vcpb-default&#8221; bg_image_new=&#8221;id^247|url^https:\/\/rrenjettona.al\/wp-content\/uploads\/2019\/01\/image.png|caption^null|alt^null|title^null|description^null&#8221; bg_image_repeat=&#8221;no-repeat&#8221; bg_override=&#8221;ex-full&#8221; css=&#8221;.vc_custom_1548151297212{margin-bottom: -70px !important;}&#8221;][vc_column][vc_column_text] Kodi i Etik\u00ebs Kodi i Etik\u00ebs MEMO Bashk\u00ebpunimi MEMO Bashk\u00ebpunimi Statut i Fondacionit &#8220;Rr\u00ebnjet Tona&#8221; Statut i fondacionit &#8220;Rr\u00ebnjet tona&#8221; Rregullore e Brendshme e &#8220;Akademis\u00eb&hellip;<\/p>\n","protected":false},"author":3,"featured_media":0,"parent":0,"menu_order":0,"comment_status":"closed","ping_status":"closed","template":"","meta":{"footnotes":""},"class_list":["post-208","page","type-page","status-publish","hentry","description-off"],"_links":{"self":[{"href":"https:\/\/rrenjettona.al\/index.php\/wp-json\/wp\/v2\/pages\/208","targetHints":{"allow":["GET"]}}],"collection":[{"href":"https:\/\/rrenjettona.al\/index.php\/wp-json\/wp\/v2\/pages"}],"about":[{"href":"https:\/\/rrenjettona.al\/index.php\/wp-json\/wp\/v2\/types\/page"}],"author":[{"embeddable":true,"href":"https:\/\/rrenjettona.al\/index.php\/wp-json\/wp\/v2\/users\/3"}],"replies":[{"embeddable":true,"href":"https:\/\/rrenjettona.al\/index.php\/wp-json\/wp\/v2\/comments?post=208"}],"version-history":[{"count":13,"href":"https:\/\/rrenjettona.al\/index.php\/wp-json\/wp\/v2\/pages\/208\/revisions"}],"predecessor-version":[{"id":1361,"href":"https:\/\/rrenjettona.al\/index.php\/wp-json\/wp\/v2\/pages\/208\/revisions\/1361"}],"wp:attachment":[{"href":"https:\/\/rrenjettona.al\/index.php\/wp-json\/wp\/v2\/media?parent=208"}],"curies":[{"name":"wp","href":"https:\/\/api.w.org\/{rel}","templated":true}]}}